{"id":1923,"date":"2023-11-28T20:17:53","date_gmt":"2023-11-28T20:17:53","guid":{"rendered":"https:\/\/magalie.derhille.fr\/case-studies"},"modified":"2024-01-23T11:31:34","modified_gmt":"2024-01-23T11:31:34","slug":"case-studies","status":"publish","type":"page","link":"https:\/\/magalie.derhille.fr\/en\/case-studies","title":{"rendered":"Case studies"},"content":{"rendered":"\t\t<div data-elementor-type=\"wp-page\" data-elementor-id=\"1923\" class=\"elementor elementor-1923 elementor-995\" data-elementor-post-type=\"page\">\n\t\t\t\t\t\t<section class=\"elementor-section elementor-top-section elementor-element elementor-element-2e7c942 elementor-section-stretched elementor-section-boxed elementor-section-height-default elementor-section-height-default\" data-id=\"2e7c942\" data-element_type=\"section\" data-e-type=\"section\" data-settings=\"{&quot;background_background&quot;:&quot;classic&quot;,&quot;stretch_section&quot;:&quot;section-stretched&quot;}\">\n\t\t\t\t\t\t<div class=\"elementor-container elementor-column-gap-wide\">\n\t\t\t\t\t<div class=\"elementor-column elementor-col-50 elementor-top-column elementor-element elementor-element-091439d\" data-id=\"091439d\" data-element_type=\"column\" data-e-type=\"column\">\n\t\t\t<div class=\"elementor-widget-wrap elementor-element-populated\">\n\t\t\t\t\t\t<div class=\"elementor-element elementor-element-f76367a elementor-invisible elementor-widget elementor-widget-heading\" data-id=\"f76367a\" data-element_type=\"widget\" data-e-type=\"widget\" data-settings=\"{&quot;_animation&quot;:&quot;fadeIn&quot;}\" data-widget_type=\"heading.default\">\n\t\t\t\t<div class=\"elementor-widget-container\">\n\t\t\t\t\t<h1 class=\"elementor-heading-title elementor-size-default\">Case studies<\/h1>\t\t\t\t<\/div>\n\t\t\t\t<\/div>\n\t\t\t\t\t<\/div>\n\t\t<\/div>\n\t\t\t\t<div class=\"elementor-column elementor-col-50 elementor-top-column elementor-element elementor-element-86cb30f\" data-id=\"86cb30f\" data-element_type=\"column\" data-e-type=\"column\">\n\t\t\t<div class=\"elementor-widget-wrap elementor-element-populated\">\n\t\t\t\t\t\t<div class=\"elementor-element elementor-element-01c228e elementor-widget__width-inherit elementor-widget-tablet__width-inherit elementor-invisible elementor-widget elementor-widget-image\" data-id=\"01c228e\" data-element_type=\"widget\" data-e-type=\"widget\" data-settings=\"{&quot;_animation&quot;:&quot;fadeIn&quot;}\" data-widget_type=\"image.default\">\n\t\t\t\t<div class=\"elementor-widget-container\">\n\t\t\t\t\t\t\t\t\t\t\t\t\t\t\t<img decoding=\"async\" width=\"145\" height=\"112\" src=\"https:\/\/magalie.derhille.fr\/wp-content\/uploads\/2023\/11\/motif.svg\" class=\"attachment-large size-large wp-image-1754\" alt=\"\" \/>\t\t\t\t\t\t\t\t\t\t\t\t\t\t\t<\/div>\n\t\t\t\t<\/div>\n\t\t\t\t<div class=\"elementor-element elementor-element-0b0bad1 elementor-invisible elementor-widget elementor-widget-text-editor\" data-id=\"0b0bad1\" data-element_type=\"widget\" data-e-type=\"widget\" data-settings=\"{&quot;_animation&quot;:&quot;fadeIn&quot;}\" data-widget_type=\"text-editor.default\">\n\t\t\t\t<div class=\"elementor-widget-container\">\n\t\t\t\t\t\t\t\t\t<p>More than long speeches, nothing beats examples &#8230;<\/p>\n\t\t\t\t\t\t\t\t<\/div>\n\t\t\t\t<\/div>\n\t\t\t\t\t<\/div>\n\t\t<\/div>\n\t\t\t\t\t<\/div>\n\t\t<\/section>\n\t\t\t\t<section class=\"elementor-section elementor-top-section elementor-element elementor-element-435b55c elementor-section-stretched elementor-section-boxed elementor-section-height-default elementor-section-height-default\" data-id=\"435b55c\" data-element_type=\"section\" data-e-type=\"section\" data-settings=\"{&quot;stretch_section&quot;:&quot;section-stretched&quot;}\">\n\t\t\t\t\t\t<div class=\"elementor-container elementor-column-gap-default\">\n\t\t\t\t\t<div class=\"elementor-column elementor-col-100 elementor-top-column elementor-element elementor-element-0f1b11c\" data-id=\"0f1b11c\" data-element_type=\"column\" data-e-type=\"column\">\n\t\t\t<div class=\"elementor-widget-wrap elementor-element-populated\">\n\t\t\t\t\t\t<div class=\"elementor-element elementor-element-5c1c522 raven-advaned-posts-equal-height-yes raven-button-align-justify elementor-widget elementor-widget-raven-advanced-posts\" data-id=\"5c1c522\" data-element_type=\"widget\" data-e-type=\"widget\" data-settings=\"{&quot;columns&quot;:&quot;2&quot;,&quot;load_effect&quot;:&quot;fade-in&quot;,&quot;query_posts_per_page&quot;:12,&quot;general_layout&quot;:&quot;grid&quot;,&quot;columns_tablet&quot;:&quot;2&quot;,&quot;columns_mobile&quot;:&quot;1&quot;,&quot;pagination_type&quot;:&quot;page_based&quot;,&quot;query_orderby&quot;:&quot;date&quot;,&quot;query_offset&quot;:0}\" data-widget_type=\"raven-advanced-posts.default\">\n\t\t\t\t<div class=\"elementor-widget-container\">\n\t\t\t\t\t\t\t<div class=\"raven-posts raven-posts-grid\">\n\t\t\t\t\t\t<div class=\"advanced-posts-content content-layout-under-image raven-grid raven-grid-2 raven-grid-mobile-1 raven-grid-tablet-2  \" data-post-id=\"1923\" data-archive-query=\"\">\n\t\t\t\t<div class=\"raven-posts-item raven-grid-item  \"><div class=\"raven-post-wrapper raven-posts-load-effect raven-post-effect-fade-in\"><div class=\"raven-post  \"><div class=\"raven-post-image-wrap\"><a class=\"raven-post-image raven-image-fit\" href=\"https:\/\/magalie.derhille.fr\/en\/portfolio\/master-your-sales-channels-like-a-pro-with-paulines-dashboards\"> <img fetchpriority=\"high\" decoding=\"async\" width=\"1024\" height=\"576\" src=\"https:\/\/magalie.derhille.fr\/wp-content\/uploads\/2024\/09\/pauline-miniature-etude-de-cas-vimeo-1024x576.png\" class=\"attachment-large size-large wp-image-2424\" alt=\"\" srcset=\"https:\/\/magalie.derhille.fr\/wp-content\/uploads\/2024\/09\/pauline-miniature-etude-de-cas-vimeo-1024x576.png 1024w, https:\/\/magalie.derhille.fr\/wp-content\/uploads\/2024\/09\/pauline-miniature-etude-de-cas-vimeo-300x169.png 300w, https:\/\/magalie.derhille.fr\/wp-content\/uploads\/2024\/09\/pauline-miniature-etude-de-cas-vimeo-768x432.png 768w, https:\/\/magalie.derhille.fr\/wp-content\/uploads\/2024\/09\/pauline-miniature-etude-de-cas-vimeo-1536x864.png 1536w, https:\/\/magalie.derhille.fr\/wp-content\/uploads\/2024\/09\/pauline-miniature-etude-de-cas-vimeo.png 1920w\" sizes=\"(max-width: 1024px) 100vw, 1024px\" \/><span class=\"raven-post-image-overlay\"><\/span><\/a><\/div><div class=\"raven-post-content-container\"><div class=\"raven-post-content\" data-id=\"2425\"><h3 class=\"raven-post-title\"><a class=\"raven-post-title-link\" href=\"https:\/\/magalie.derhille.fr\/en\/portfolio\/master-your-sales-channels-like-a-pro-with-paulines-dashboards\">Master your sales channels like a pro with Pauline&#8217;s dashboards!<\/a><\/h3><div class=\"raven-post-excerpt\">In this case study, we take stock of a mission with Pauline, an entrepreneur with a passion for Zentangle and Neurographika and author<\/div><div class=\"raven-post-read-more\"><a class=\"raven-post-button\" href=\"https:\/\/magalie.derhille.fr\/en\/portfolio\/master-your-sales-channels-like-a-pro-with-paulines-dashboards\"><span class=\"raven-post-button-text\">Lire l&#039;\u00e9tude de cas<\/span><\/a><\/div><\/div><\/div><\/div><\/div><\/div><div class=\"raven-posts-item raven-grid-item  \"><div class=\"raven-post-wrapper raven-posts-load-effect raven-post-effect-fade-in\"><div class=\"raven-post  \"><div class=\"raven-post-image-wrap\"><a class=\"raven-post-image raven-image-fit\" href=\"https:\/\/magalie.derhille.fr\/en\/portfolio\/from-hypnotherapist-to-geek-benjamins-incredible-challenge\"> <img decoding=\"async\" width=\"1024\" height=\"576\" src=\"https:\/\/magalie.derhille.fr\/wp-content\/uploads\/2024\/07\/etude-de-cas-benjamin_thumbnail-1024x576.png\" class=\"attachment-large size-large wp-image-2242\" alt=\"\" srcset=\"https:\/\/magalie.derhille.fr\/wp-content\/uploads\/2024\/07\/etude-de-cas-benjamin_thumbnail-1024x576.png 1024w, https:\/\/magalie.derhille.fr\/wp-content\/uploads\/2024\/07\/etude-de-cas-benjamin_thumbnail-300x169.png 300w, https:\/\/magalie.derhille.fr\/wp-content\/uploads\/2024\/07\/etude-de-cas-benjamin_thumbnail-768x432.png 768w, https:\/\/magalie.derhille.fr\/wp-content\/uploads\/2024\/07\/etude-de-cas-benjamin_thumbnail-1536x864.png 1536w, https:\/\/magalie.derhille.fr\/wp-content\/uploads\/2024\/07\/etude-de-cas-benjamin_thumbnail.png 1920w\" sizes=\"(max-width: 1024px) 100vw, 1024px\" \/><span class=\"raven-post-image-overlay\"><\/span><\/a><\/div><div class=\"raven-post-content-container\"><div class=\"raven-post-content\" data-id=\"2219\"><h3 class=\"raven-post-title\"><a class=\"raven-post-title-link\" href=\"https:\/\/magalie.derhille.fr\/en\/portfolio\/from-hypnotherapist-to-geek-benjamins-incredible-challenge\">From hypnotherapist to geek: Benjamin&#8217;s incredible challenge<\/a><\/h3><div class=\"raven-post-excerpt\">Benjamin Neyrial: his profile Field of activity: Hypnotherapist, trained in EFT, he frees hyper-sensitive people with hidden talents from the gaze of others,<\/div><div class=\"raven-post-read-more\"><a class=\"raven-post-button\" href=\"https:\/\/magalie.derhille.fr\/en\/portfolio\/from-hypnotherapist-to-geek-benjamins-incredible-challenge\"><span class=\"raven-post-button-text\">Lire l&#039;\u00e9tude de cas<\/span><\/a><\/div><\/div><\/div><\/div><\/div><\/div><div class=\"raven-posts-item raven-grid-item  \"><div class=\"raven-post-wrapper raven-posts-load-effect raven-post-effect-fade-in\"><div class=\"raven-post  \"><div class=\"raven-post-image-wrap\"><a class=\"raven-post-image raven-image-fit\" href=\"https:\/\/magalie.derhille.fr\/en\/portfolio\/revealing-the-invisible-2\"> <img loading=\"lazy\" decoding=\"async\" width=\"1024\" height=\"576\" src=\"https:\/\/magalie.derhille.fr\/wp-content\/uploads\/2024\/01\/itw0002-minitaure-1024x576.png\" class=\"attachment-large size-large wp-image-1974\" alt=\"\" srcset=\"https:\/\/magalie.derhille.fr\/wp-content\/uploads\/2024\/01\/itw0002-minitaure-1024x576.png 1024w, https:\/\/magalie.derhille.fr\/wp-content\/uploads\/2024\/01\/itw0002-minitaure-300x169.png 300w, https:\/\/magalie.derhille.fr\/wp-content\/uploads\/2024\/01\/itw0002-minitaure-768x432.png 768w, https:\/\/magalie.derhille.fr\/wp-content\/uploads\/2024\/01\/itw0002-minitaure-1536x864.png 1536w, https:\/\/magalie.derhille.fr\/wp-content\/uploads\/2024\/01\/itw0002-minitaure.png 1920w\" sizes=\"(max-width: 1024px) 100vw, 1024px\" \/><span class=\"raven-post-image-overlay\"><\/span><\/a><\/div><div class=\"raven-post-content-container\"><div class=\"raven-post-content\" data-id=\"1958\"><h3 class=\"raven-post-title\"><a class=\"raven-post-title-link\" href=\"https:\/\/magalie.derhille.fr\/en\/portfolio\/revealing-the-invisible-2\">Meet Guillaume, the A-player of automated accounting!<\/a><\/h3><div class=\"raven-post-excerpt\">Today, we dive into the world of Guillaume de van den Hoek, Boutique de Comptabilit\u00e9, in Amsterdam. Guillaume is going to tell you<\/div><div class=\"raven-post-read-more\"><a class=\"raven-post-button\" href=\"https:\/\/magalie.derhille.fr\/en\/portfolio\/revealing-the-invisible-2\"><span class=\"raven-post-button-text\">Lire l&#039;\u00e9tude de cas<\/span><\/a><\/div><\/div><\/div><\/div><\/div><\/div><div class=\"raven-posts-item raven-grid-item  \"><div class=\"raven-post-wrapper raven-posts-load-effect raven-post-effect-fade-in\"><div class=\"raven-post  \"><div class=\"raven-post-image-wrap\"><a class=\"raven-post-image raven-image-fit\" href=\"https:\/\/magalie.derhille.fr\/en\/portfolio\/revealing-the-invisible\"> <img loading=\"lazy\" decoding=\"async\" width=\"1024\" height=\"576\" src=\"https:\/\/magalie.derhille.fr\/wp-content\/uploads\/2023\/11\/audrey-ma-cohrence-intro-etude-de-cas-1024x576.png\" class=\"attachment-large size-large wp-image-2134\" alt=\"\" srcset=\"https:\/\/magalie.derhille.fr\/wp-content\/uploads\/2023\/11\/audrey-ma-cohrence-intro-etude-de-cas-1024x576.png 1024w, https:\/\/magalie.derhille.fr\/wp-content\/uploads\/2023\/11\/audrey-ma-cohrence-intro-etude-de-cas-300x169.png 300w, https:\/\/magalie.derhille.fr\/wp-content\/uploads\/2023\/11\/audrey-ma-cohrence-intro-etude-de-cas-768x432.png 768w, https:\/\/magalie.derhille.fr\/wp-content\/uploads\/2023\/11\/audrey-ma-cohrence-intro-etude-de-cas-1536x864.png 1536w, https:\/\/magalie.derhille.fr\/wp-content\/uploads\/2023\/11\/audrey-ma-cohrence-intro-etude-de-cas.png 1920w\" sizes=\"(max-width: 1024px) 100vw, 1024px\" \/><span class=\"raven-post-image-overlay\"><\/span><\/a><\/div><div class=\"raven-post-content-container\"><div class=\"raven-post-content\" data-id=\"1876\"><h3 class=\"raven-post-title\"><a class=\"raven-post-title-link\" href=\"https:\/\/magalie.derhille.fr\/en\/portfolio\/revealing-the-invisible\">Audrey &#8211; Smart Dashboards to revolutionize business management<\/a><\/h3><div class=\"raven-post-excerpt\">Find out how online life coach Audrey revolutionized her business with personalized dashboards! \ud83d\ude80 In this interview, Audrey gives us a behind-the-scenes look<\/div><div class=\"raven-post-read-more\"><a class=\"raven-post-button\" href=\"https:\/\/magalie.derhille.fr\/en\/portfolio\/revealing-the-invisible\"><span class=\"raven-post-button-text\">Lire l&#039;\u00e9tude de cas<\/span><\/a><\/div><\/div><\/div><\/div><\/div><\/div>\t\t\t<\/div>\n\t\t\t\t\t<\/div>\n\t\t\t\t\t\t<\/div>\n\t\t\t\t<\/div>\n\t\t\t\t\t<\/div>\n\t\t<\/div>\n\t\t\t\t\t<\/div>\n\t\t<\/section>\n\t\t\t\t<\/div>\n\t\t","protected":false},"excerpt":{"rendered":"<p>Case studies More than long speeches, nothing beats examples &#8230; R\u00e9v\u00e9lation de l&rsquo;invisible (texte) https:\/\/vimeo.com\/849671266\/d1ae7aeaac Audrey B : sa fiche identit\u00e9 Domaine d&rsquo;Activit\u00e9\u00a0: Pratiquante &amp; Instructrice de la Tradition Tao\u00efste Da Xuan Boisson chaude pr\u00e9f\u00e9r\u00e9e\u00a0: leLire l&#039;\u00e9tude de cas Automatisation de webinaires Lorsque Marion a pris contact avec moi, elle avait besoin de gagner en [&hellip;]<\/p>\n","protected":false},"author":1,"featured_media":0,"parent":0,"menu_order":0,"comment_status":"closed","ping_status":"closed","template":"","meta":{"_acf_changed":false,"_seopress_robots_primary_cat":"","_seopress_titles_title":"","_seopress_titles_desc":"","_seopress_robots_index":"","footnotes":""},"class_list":["post-1923","page","type-page","status-publish","hentry"],"acf":[],"_links":{"self":[{"href":"https:\/\/magalie.derhille.fr\/en\/wp-json\/wp\/v2\/pages\/1923","targetHints":{"allow":["GET"]}}],"collection":[{"href":"https:\/\/magalie.derhille.fr\/en\/wp-json\/wp\/v2\/pages"}],"about":[{"href":"https:\/\/magalie.derhille.fr\/en\/wp-json\/wp\/v2\/types\/page"}],"author":[{"embeddable":true,"href":"https:\/\/magalie.derhille.fr\/en\/wp-json\/wp\/v2\/users\/1"}],"replies":[{"embeddable":true,"href":"https:\/\/magalie.derhille.fr\/en\/wp-json\/wp\/v2\/comments?post=1923"}],"version-history":[{"count":1,"href":"https:\/\/magalie.derhille.fr\/en\/wp-json\/wp\/v2\/pages\/1923\/revisions"}],"predecessor-version":[{"id":1924,"href":"https:\/\/magalie.derhille.fr\/en\/wp-json\/wp\/v2\/pages\/1923\/revisions\/1924"}],"wp:attachment":[{"href":"https:\/\/magalie.derhille.fr\/en\/wp-json\/wp\/v2\/media?parent=1923"}],"curies":[{"name":"wp","href":"https:\/\/api.w.org\/{rel}","templated":true}]}}