{"id":1093,"date":"2023-11-28T20:17:53","date_gmt":"2023-11-28T20:17:53","guid":{"rendered":"http:\/\/dev.derhille.fr\/?page_id=1093"},"modified":"2023-11-28T20:17:53","modified_gmt":"2023-11-28T20:17:53","slug":"mentions-legales-et-politique-de-confidentialite","status":"publish","type":"page","link":"https:\/\/magalie.derhille.fr\/fr\/mentions-legales-et-politique-de-confidentialite","title":{"rendered":"Mentions l\u00e9gales et Politique de confidentialit\u00e9"},"content":{"rendered":"\t\t<div data-elementor-type=\"wp-page\" data-elementor-id=\"1093\" class=\"elementor elementor-1093\" data-elementor-post-type=\"page\">\n\t\t\t\t\t\t<section class=\"elementor-section elementor-top-section elementor-element elementor-element-7b0e778 elementor-section-stretched elementor-section-boxed elementor-section-height-default elementor-section-height-default\" data-id=\"7b0e778\" data-element_type=\"section\" data-e-type=\"section\" data-settings=\"{&quot;background_background&quot;:&quot;classic&quot;,&quot;stretch_section&quot;:&quot;section-stretched&quot;}\">\n\t\t\t\t\t\t<div class=\"elementor-container elementor-column-gap-wide\">\n\t\t\t\t\t<div class=\"elementor-column elementor-col-100 elementor-top-column elementor-element elementor-element-d932180\" data-id=\"d932180\" data-element_type=\"column\" data-e-type=\"column\">\n\t\t\t<div class=\"elementor-widget-wrap elementor-element-populated\">\n\t\t\t\t\t\t<div class=\"elementor-element elementor-element-37ba232 elementor-invisible elementor-widget elementor-widget-heading\" data-id=\"37ba232\" data-element_type=\"widget\" data-e-type=\"widget\" data-settings=\"{&quot;_animation&quot;:&quot;fadeIn&quot;}\" data-widget_type=\"heading.default\">\n\t\t\t\t<div class=\"elementor-widget-container\">\n\t\t\t\t\t<h1 class=\"elementor-heading-title elementor-size-default\">Conditions G\u00e9n\u00e9rales de Services<\/h1>\t\t\t\t<\/div>\n\t\t\t\t<\/div>\n\t\t\t\t\t<\/div>\n\t\t<\/div>\n\t\t\t\t\t<\/div>\n\t\t<\/section>\n\t\t\t\t<section class=\"elementor-section elementor-top-section elementor-element elementor-element-17e24559 elementor-section-boxed elementor-section-height-default elementor-section-height-default\" data-id=\"17e24559\" data-element_type=\"section\" data-e-type=\"section\">\n\t\t\t\t\t\t<div class=\"elementor-container elementor-column-gap-default\">\n\t\t\t\t\t<div class=\"elementor-column elementor-col-100 elementor-top-column elementor-element elementor-element-3dcd1c4a\" data-id=\"3dcd1c4a\" data-element_type=\"column\" data-e-type=\"column\">\n\t\t\t<div class=\"elementor-widget-wrap elementor-element-populated\">\n\t\t\t\t\t\t<div class=\"elementor-element elementor-element-54889be7 elementor-widget elementor-widget-text-editor\" data-id=\"54889be7\" data-element_type=\"widget\" data-e-type=\"widget\" data-widget_type=\"text-editor.default\">\n\t\t\t\t<div class=\"elementor-widget-container\">\n\t\t\t\t\t\t\t\t\t<p><\/p>\n<h3 class=\"wp-block-heading\">1. Pr\u00e9sentation du site.<\/h3>\n<p><strong>Lois applicables&nbsp;:<\/strong><\/p>\n<ul>\n<li>Loi n\u00b0 78-17 du 6 janvier 1978, notamment modifi\u00e9e par la loi n\u00b0 2004-801 du 6 ao\u00fbt 2004 relative \u00e0 l&rsquo;informatique, aux fichiers et aux libert\u00e9s.<\/li>\n<li>Loi n\u00b0 2004-575 du 21 juin 2004 pour la confiance dans l&rsquo;\u00e9conomie num\u00e9rique.<\/li>\n<\/ul>\n<p>En vertu de l&rsquo;article 6 de la loi n\u00b0 2004-575 du 21 juin 2004 pour la confiance dans l&rsquo;\u00e9conomie num\u00e9rique, il est pr\u00e9cis\u00e9 aux utilisateurs du site magalie.derhille.fr l&rsquo;identit\u00e9 des diff\u00e9rents intervenants dans le cadre de sa r\u00e9alisation et de son suivi :<\/p>\n<p><strong>Propri\u00e9taire<\/strong>&nbsp;: Magalie Derhille, STATUT \u2013 SIRET \u2013 ADRESSE &nbsp;\u2013 MAIL \u2013 magalie.derhille.fr<br><strong>Cr\u00e9ateur<\/strong> : Marion Girard-Ruiz, sous le nom de marque Les Audacieuses Cr\u00e9atives \u2013 MGR Studio \u2013 Web &amp; Branding, EURL au capital de 2 500 euros &nbsp;\u2013 &nbsp;SIREN 909326761 &#8211; RCS Bordeaux FRANCE \u2013 marion@audacieuses-creatives.com \u2013&nbsp;&nbsp;<a href=\"https:\/\/audacieuses-creatives.com\" target=\"_blank\" rel=\"noopener\">audacieuses-creatives.com<\/a><br><strong>Responsable publication<\/strong>&nbsp;: Magalie Derhille<br>Le responsable publication est une personne physique ou une personne morale.<br><strong>Webmaster<\/strong> : Marion Girard-Ruiz<br><strong>H\u00e9bergeur<\/strong> : IONOS, STATUT \u2013 SIRET \u2013 ADRESSE &nbsp;<\/p>\n<p><\/p>\n<h3>2. Conditions g\u00e9n\u00e9rales d\u2019utilisation du site et des services propos\u00e9s.<\/h3>\n<p>L\u2019utilisation du site magalie.derhille.fr&nbsp;implique l\u2019acceptation pleine et enti\u00e8re des conditions g\u00e9n\u00e9rales d\u2019utilisation ci-apr\u00e8s d\u00e9crites. Ces conditions d\u2019utilisation sont susceptibles d\u2019\u00eatre modifi\u00e9es ou compl\u00e9t\u00e9es \u00e0 tout moment, les utilisateurs du site &nbsp;sont donc invit\u00e9s \u00e0 les consulter de mani\u00e8re r\u00e9guli\u00e8re.<\/p>\n<p>Ce site est normalement accessible \u00e0 tout moment aux utilisateurs. Une interruption pour raison de maintenance technique peut \u00eatre toutefois d\u00e9cid\u00e9e par Magalie Derhille, qui s\u2019efforcera alors de communiquer pr\u00e9alablement aux utilisateurs les dates et heures de l\u2019intervention.<\/p>\n<p>Le site magalie.derhille.fr&nbsp;est mis \u00e0 jour r\u00e9guli\u00e8rement par Magalie Derhille. De la m\u00eame fa\u00e7on, les mentions l\u00e9gales peuvent \u00eatre modifi\u00e9es \u00e0 tout moment : elles s\u2019imposent n\u00e9anmoins \u00e0 l\u2019utilisateur qui est invit\u00e9 \u00e0 s\u2019y r\u00e9f\u00e9rer le plus souvent possible afin d\u2019en prendre connaissance.<\/p>\n<p>Le site magalie.derhille.fr&nbsp;est r\u00e9alis\u00e9 gr\u00e2ce au moteur Open Source WordPress.<\/p>\n<p><\/p>\n<h3>3. Description des services fournis.<\/h3>\n<p>Le site magalie.derhille.fr&nbsp;a pour objet de fournir une information concernant l\u2019ensemble des activit\u00e9s de la soci\u00e9t\u00e9.<\/p>\n<p>Magalie Derhille&nbsp;s\u2019efforce de fournir sur le site &nbsp;des informations aussi pr\u00e9cises que possible. Toutefois, elle ne pourra \u00eatre tenue responsable des omissions, des inexactitudes et des carences dans la mise \u00e0 jour, qu\u2019elles soient de son fait ou du fait des tiers partenaires qui lui fournissent ces informations.<\/p>\n<p>Si l\u2019utilisateur constate une lacune, une erreur ou ce qui parait \u00eatre un dysfonctionnement, merci de bien vouloir le signaler par email en d\u00e9crivant le probl\u00e8me de la mani\u00e8re la plus pr\u00e9cise possible (page posant probl\u00e8me, action d\u00e9clenchante, type d\u2019ordinateur et de navigateur utilis\u00e9, \u2026).<\/p>\n<p>Toutes les informations indiqu\u00e9es sur le site magalie.derhille.fr&nbsp;sont donn\u00e9es \u00e0 titre indicatif, et sont susceptibles d\u2019\u00e9voluer. Par ailleurs, les renseignements figurant sur le site &nbsp;ne sont pas exhaustifs. Ils sont donn\u00e9s sous r\u00e9serve de modifications ayant \u00e9t\u00e9 apport\u00e9es depuis leur mise en ligne.<\/p>\n<p><\/p>\n<h3>4. Limitations contractuelles sur les donn\u00e9es techniques.<\/h3>\n<p>Le site utilise les technologies JavaScript, PHP, HTML.<\/p>\n<p>Magalie Derhille ne pourra \u00eatre tenue responsable de dommages mat\u00e9riels li\u00e9s \u00e0 l\u2019utilisation du site. De plus, l\u2019utilisateur du site s\u2019engage \u00e0 acc\u00e9der au site en utilisant un mat\u00e9riel r\u00e9cent, ne contenant pas de virus et avec un navigateur de derni\u00e8re g\u00e9n\u00e9ration mis-\u00e0-jour.<\/p>\n<p><\/p>\n<h3>5. Propri\u00e9t\u00e9 intellectuelle et contrefa\u00e7ons.<\/h3>\n<p>Tout le contenu du pr\u00e9sent site, incluant, de fa\u00e7on non limitative, les graphismes, images, textes, vid\u00e9os, animations, sons, logos, gifs et ic\u00f4nes ainsi que leur mise en forme sont la propri\u00e9t\u00e9 exclusive de la soci\u00e9t\u00e9 Magalie Derhille&nbsp;\u00e0 l&rsquo;exception des marques, logos ou contenus appartenant \u00e0 d&rsquo;autres soci\u00e9t\u00e9s partenaires ou auteurs.<\/p>\n<p>Toute reproduction, distribution, modification, adaptation, retransmission ou publication, m\u00eame partielle, de ces diff\u00e9rents \u00e9l\u00e9ments est strictement interdite sans l&rsquo;accord expr\u00e8s par \u00e9crit de Magalie Derhille. Cette repr\u00e9sentation ou reproduction, par quelque proc\u00e9d\u00e9 que ce soit, constitue une contrefa\u00e7on sanctionn\u00e9e par les articles L.3335-2 et suivants du Code de la propri\u00e9t\u00e9 intellectuelle. Le non-respect de cette interdiction constitue une contrefa\u00e7on pouvant engager la responsabilit\u00e9 civile et p\u00e9nale du contrefacteur. En outre, les propri\u00e9taires des Contenus copi\u00e9s pourraient intenter une action en justice \u00e0 votre encontre.<\/p>\n<p>Magalie Derhille&nbsp;est identiquement propri\u00e9taire des \u00ab\u00a0droits des producteurs de bases de donn\u00e9es\u00a0\u00bb vis\u00e9s au Livre III, Titre IV, du Code de la Propri\u00e9t\u00e9 Intellectuelle (loi n\u00b0 98-536 du 1er juillet 1998) relative aux droits d&rsquo;auteur et aux bases de donn\u00e9es.<\/p>\n<p>Toute exploitation non autoris\u00e9e du site ou de l\u2019un quelconque des \u00e9l\u00e9ments qu\u2019il contient sera consid\u00e9r\u00e9e comme constitutive d\u2019une contrefa\u00e7on et poursuivie conform\u00e9ment aux dispositions des articles L.335-2 et suivants du Code de Propri\u00e9t\u00e9 Intellectuelle.<\/p>\n<p><\/p>\n<h3>6. Limitations de responsabilit\u00e9.<\/h3>\n<p>Magalie Derhille&nbsp;ne pourra \u00eatre tenue responsable des dommages directs et indirects caus\u00e9s au mat\u00e9riel de l\u2019utilisateur, lors de l\u2019acc\u00e8s au site magalie.derhille.fr, et r\u00e9sultant soit de l\u2019utilisation d\u2019un mat\u00e9riel ne r\u00e9pondant pas aux sp\u00e9cifications indiqu\u00e9es au point 4, soit de l\u2019apparition d\u2019un bug ou d\u2019une incompatibilit\u00e9.<\/p>\n<p>Magalie Derhille&nbsp;ne pourra \u00e9galement \u00eatre tenue responsable des dommages indirects (tels par exemple qu\u2019une perte de march\u00e9 ou perte d\u2019une chance) cons\u00e9cutifs \u00e0 l\u2019utilisation du site.<\/p>\n<p>Des espaces interactifs sont \u00e0 la disposition des utilisateurs. Magalie Derhille&nbsp;se r\u00e9serve le droit de supprimer, sans mise en demeure pr\u00e9alable, tout contenu d\u00e9pos\u00e9 dans cet espace qui contreviendrait \u00e0 la l\u00e9gislation applicable en France, en particulier aux dispositions relatives \u00e0 la protection des donn\u00e9es. Le cas \u00e9ch\u00e9ant, Magalie Derhille&nbsp;se r\u00e9serve \u00e9galement la possibilit\u00e9 de mettre en cause la responsabilit\u00e9 civile et\/ou p\u00e9nale de l\u2019utilisateur, notamment en cas de message \u00e0 caract\u00e8re raciste, injurieux, diffamant, ou pornographique, quel que soit le support utilis\u00e9 (texte, photographie\u2026).<\/p>\n<p>L\u2019utilisateur d\u00e9clare accepter les caract\u00e9ristiques et les limites d\u2019Internet et, en particulier, reconna\u00eetre&nbsp;:<\/p>\n<ul>\n<li>avoir connaissance de la nature du r\u00e9seau de l\u2019internet et en particulier, de ses performances techniques et des temps de r\u00e9ponse, pour consulter, interroger ou transf\u00e9rer les donn\u00e9es d\u2019informations&nbsp;;<\/li>\n<li>que la communication par l\u2019utilisateur \u00e0 des tiers de ses identifiants et d\u2019une mani\u00e8re g\u00e9n\u00e9rale, de toute information jug\u00e9e par l\u2019utilisateur comme personnelle ou confidentielle se fait \u00e0 ses risques et p\u00e9rils&nbsp;;<\/li>\n<li>qu\u2019il appartient \u00e0 l\u2019utilisateur de prendre toutes les mesures appropri\u00e9es de fa\u00e7on \u00e0 prot\u00e9ger ses propres donn\u00e9es et\/ou logiciels de la contamination par des \u00e9ventuels virus sur le r\u00e9seau de l\u2019Internet&nbsp;;<\/li>\n<li>que les donn\u00e9es circulant sur l\u2019Internet peuvent \u00eatre r\u00e9glement\u00e9es en termes d\u2019usage ou prot\u00e9g\u00e9es par un droit de propri\u00e9t\u00e9.<\/li>\n<\/ul>\n<p>D\u2019une mani\u00e8re g\u00e9n\u00e9rale, l\u2019utilisateur est seul responsable du choix, de l\u2019utilisation et de l\u2019interpr\u00e9tation des donn\u00e9es qu\u2019il consulte, interroge et transf\u00e8re sur l\u2019internet et de l\u2019usage des services en ligne propos\u00e9s par Magalie Derhille.<br>Ce site est mis en place par Magalie Derhille&nbsp;dont le si\u00e8ge social est en France. Les internautes ayant acc\u00e8s \u00e0 ce site depuis d\u2019autres endroits que la France, doivent s\u2019assurer des lois localement applicables.<\/p>\n<p><\/p>\n<h3>7. Gestion des donn\u00e9es personnelles.<\/h3>\n<p>En France, les donn\u00e9es personnelles sont notamment prot\u00e9g\u00e9es par la loi n\u00b0 78-87 du 6 janvier 1978, la loi n\u00b0 2004-801 du 6 ao\u00fbt 2004, l&rsquo;article L. 226-13 du Code p\u00e9nal et la Directive Europ\u00e9enne du 24 octobre 1995.<\/p>\n<p>A l&rsquo;occasion de l&rsquo;utilisation du site magalie.derhille.fr, peuvent \u00eatre recueillies : l&rsquo;URL des liens par l&rsquo;interm\u00e9diaire desquels l&rsquo;utilisateur a acc\u00e9d\u00e9 au site &nbsp;le fournisseur d&rsquo;acc\u00e8s de l&rsquo;utilisateur, l&rsquo;adresse de protocole Internet (IP) de l&rsquo;utilisateur.<\/p>\n<p>En tout \u00e9tat de cause Magalie Derhille&nbsp;ne collecte des informations personnelles relatives \u00e0 l&rsquo;utilisateur que pour le besoin de certains services propos\u00e9s par le site magalie.derhille.fr. L&rsquo;utilisateur fournit ces informations en toute connaissance de cause, notamment lorsqu&rsquo;il proc\u00e8de par lui-m\u00eame \u00e0 leur saisie. Il est alors pr\u00e9cis\u00e9 \u00e0 l&rsquo;utilisateur du site &nbsp;l\u2019obligation ou non de fournir ces informations.<\/p>\n<p>Conform\u00e9ment aux dispositions des articles 38 et suivants de la loi 78-17 du 6 janvier 1978 relative \u00e0 l\u2019informatique, aux fichiers et aux libert\u00e9s, tout utilisateur dispose d\u2019un droit d\u2019acc\u00e8s, de rectification et d\u2019opposition aux donn\u00e9es personnelles le concernant, en effectuant sa demande \u00e9crite et sign\u00e9e, accompagn\u00e9e d\u2019une copie du titre d\u2019identit\u00e9 avec signature du titulaire de la pi\u00e8ce, en pr\u00e9cisant l\u2019adresse \u00e0 laquelle la r\u00e9ponse doit \u00eatre envoy\u00e9e.<\/p>\n<p>Aucune information personnelle de l&rsquo;utilisateur du site &nbsp;n&rsquo;est publi\u00e9e \u00e0 l&rsquo;insu de l&rsquo;utilisateur, \u00e9chang\u00e9e, transf\u00e9r\u00e9e, c\u00e9d\u00e9e ou vendue sur un support quelconque \u00e0 des tiers. Seule l&rsquo;hypoth\u00e8se du rachat de &nbsp;et de ses droits permettrait la transmission des dites informations \u00e0 l&rsquo;\u00e9ventuel acqu\u00e9reur qui serait \u00e0 son tour tenu de la m\u00eame obligation de conservation et de modification des donn\u00e9es vis \u00e0 vis de l&rsquo;utilisateur du site magalie.derhille.fr.<\/p>\n<p>Le site susnomm\u00e9 est dispens\u00e9 de d\u00e9claration \u00e0 la CNIL (D\u00e9lib\u00e9ration n\u00b02006-138 du 9 mai 2006 d\u00e9cidant de la dispense de d\u00e9claration des traitements constitu\u00e9s \u00e0 des fins d\u2019information ou de communication externe).<\/p>\n<p>Les bases de donn\u00e9es sont prot\u00e9g\u00e9es par les dispositions de la loi du 1er juillet 1998 transposant la directive 96\/9 du 11 mars 1996 relative \u00e0 la protection juridique des bases de donn\u00e9es.<\/p>\n<p>Les renseignements personnels que nous collectons sont conserv\u00e9s dans un environnement s\u00e9curis\u00e9. Les personnes travaillant pour nous sont tenues de respecter la confidentialit\u00e9 de vos informations.<\/p>\n<p>Pour assurer la s\u00e9curit\u00e9 de vos renseignements personnels, nous avons recours aux mesures suivantes :<\/p>\n<ul>\n<li>Protocole SSL (Secure Sockets Layer)<\/li>\n<li>Gestion des acc\u00e8s &#8211; personne autoris\u00e9e<\/li>\n<li>Gestion des acc\u00e8s &#8211; personne concern\u00e9e<\/li>\n<li>Sauvegarde informatique<\/li>\n<li>Identifiant \/ mot de passe<\/li>\n<\/ul>\n<p>Nous nous engageons \u00e0 maintenir un haut degr\u00e9 de confidentialit\u00e9 en int\u00e9grant les derni\u00e8res innovations technologiques permettant d&rsquo;assurer la confidentialit\u00e9 de vos transactions. Toutefois, comme aucun m\u00e9canisme n&rsquo;offre une s\u00e9curit\u00e9 maximale, une part de risque est toujours pr\u00e9sente lorsque l&rsquo;on utilise Internet pour transmettre des renseignements personnels, et nous ne pourrions en \u00eatre tenus responsables (piratage informatique, phishing\/hame\u00e7onnage, etc\u2026).<\/p>\n<p><strong>Commentaires<\/strong><\/p>\n<p>Quand vous laissez un commentaire sur notre site web, les donn\u00e9es inscrites dans le formulaire de commentaire, mais aussi votre adresse IP et l\u2019agent utilisateur de votre navigateur sont collect\u00e9s pour nous aider \u00e0 la d\u00e9tection des commentaires ind\u00e9sirables.<\/p>\n<p>Une cha\u00eene anonymis\u00e9e cr\u00e9\u00e9e \u00e0 partir de votre adresse de messagerie (\u00e9galement appel\u00e9e hash) peut \u00eatre envoy\u00e9e au service Gravatar pour v\u00e9rifier si vous utilisez ce dernier. Les clauses de confidentialit\u00e9 du service Gravatar sont disponibles ici : https:\/\/automattic.com\/privacy\/. Apr\u00e8s validation de votre commentaire, votre photo de profil sera visible publiquement \u00e0 cot\u00e9 de votre commentaire.<\/p>\n<p>Si vous laissez un commentaire, le commentaire et ses m\u00e9tadonn\u00e9es sont conserv\u00e9s ind\u00e9finiment. Cela permet de reconna\u00eetre et approuver automatiquement les commentaires suivants au lieu de les laisser dans la file de mod\u00e9ration.<\/p>\n<p><strong>M\u00e9dias<\/strong><\/p>\n<p>Si vous \u00eates un utilisateur ou une utilisatrice enregistr\u00e9\u00b7e et que vous t\u00e9l\u00e9versez des images sur le site web, nous vous conseillons d\u2019\u00e9viter de t\u00e9l\u00e9verser des images contenant des donn\u00e9es EXIF de coordonn\u00e9es GPS. Les visiteurs de votre site web peuvent t\u00e9l\u00e9charger et extraire des donn\u00e9es de localisation depuis ces images.<\/p>\n<p><strong>Collecte des renseignements personnels<\/strong><\/p>\n<p>Nous pouvons \u00eatre amen\u00e9s \u00e0 collecter les renseignements suivants :<\/p>\n<ul>\n<li>Nom<\/li>\n<li>Pr\u00e9nom<\/li>\n<li>Adresse postale<\/li>\n<li>Code postal<\/li>\n<li>Adresse \u00e9lectronique<\/li>\n<li>Num\u00e9ro de t\u00e9l\u00e9phone \/ t\u00e9l\u00e9copieur<\/li>\n<li>Genre \/ Sexe<\/li>\n<li>\u00c2ge \/ Date de naissance<\/li>\n<li>Profession<\/li>\n<\/ul>\n<p>Les renseignements personnels que nous collectons sont recueillis au travers de formulaires et gr\u00e2ce \u00e0 l&rsquo;interactivit\u00e9 \u00e9tablie entre vous et notre site Web. Nous utilisons \u00e9galement des fichiers t\u00e9moins et\/ou journaux pour r\u00e9unir des informations vous concernant.<\/p>\n<p>Aucune donn\u00e9e bancaire et financi\u00e8re, ni donn\u00e9es dites sensibles (r\u00e9v\u00e9lant l\u2019origine raciale, les opinions politiques et religieuses, des donn\u00e9es g\u00e9n\u00e9tiques ou concernant la sant\u00e9 ou l\u2019orientation sexuelle de la personne) ne sera demand\u00e9e \u00e0 l\u2019utilisateur lors son exp\u00e9rience sur le Site.<\/p>\n<p>Magalie Derhille s\u2019engage \u00e0 ne pas collecter des donn\u00e9es superflues et excessives \u00e0 ce qui est n\u00e9cessaire. Dans certains cas, il vous est possible d\u2019ajouter d\u2019autres informations, notamment par le biais d\u2019espaces d\u00e9di\u00e9s dans les formulaires ou par communication orale.<\/p>\n<p>Vos renseignements personnels peuvent \u00eatre collect\u00e9s par le biais de&nbsp;:<\/p>\n<ul>\n<li>Formulaire d&rsquo;inscription au site Web<\/li>\n<li>Formulaire de commande<\/li>\n<li>Formulaire de contact<\/li>\n<\/ul>\n<p>Magalie Derhille utilise les informations et donn\u00e9es recueillies pour fournir et am\u00e9liorer ses services. Conform\u00e9ment \u00e0 la loi du 6 janvier 1978 et au R\u00e8glement europ\u00e9en G\u00e9n\u00e9ral sur la Protection des Donn\u00e9es du 27 avril 2016, les informations que vous nous communiquez sont strictement n\u00e9cessaires \u00e0 l\u2019ex\u00e9cution des services par Magalie Derhille.<\/p>\n<p>Ces donn\u00e9es seront utilis\u00e9es pour les finalit\u00e9s suivantes&nbsp;:<\/p>\n<ul>\n<li>Suivi de la commande<\/li>\n<li>Cr\u00e9ation d\u2019un compte personnel<\/li>\n<li>Informations \/ Offres promotionnelles<\/li>\n<li>Statistiques et \u00e9tudes de satisfaction, mesures d\u2019audience<\/li>\n<li>Contact<\/li>\n<li>Gestion du site Web (pr\u00e9sentation, organisation)<\/li>\n<li>Ex\u00e9cution de nos obligations contractuelles<\/li>\n<li>Analyse commerciale<\/li>\n<\/ul>\n<p>Les donn\u00e9es collect\u00e9es peuvent \u00eatre transmises aux sous-traitants de Magalie Derhille dans le cadre de l\u2019ex\u00e9cution d\u2019une prestation de services en vue de leur bonne ex\u00e9cution. Les sous-traitants ayant acc\u00e8s aux donn\u00e9es sont :<\/p>\n<ul>\n<li>La Soci\u00e9t\u00e9 GOOGLE \u2013 Cloud Plateform, soci\u00e9t\u00e9 am\u00e9ricaine dont le si\u00e8ge social est situ\u00e9 sis 1600 Amphitheatre Parkway \u2013 Mountain View, CA 94043 USA.<\/li>\n<li>Marion Girard-Ruiz \u2013 MGR Studio \u2013 Web &amp; Branding, EURL au capital de 2 500 euros \u2013&nbsp; SIREN 909326761 &#8211; RCS Bordeaux \u2013 marion@mgr-studio.fr \u2013 &nbsp;<a href=\"http:\/\/mgr-webdesign-bordeaux.fr\">mgr-webdesign-bordeaux.fr<\/a><\/li>\n<\/ul>\n<p>Dans le cadre de leur relation contractuelle, chaque sous-traitant s\u2019engage \u00e0 respecter la r\u00e9glementation en vigueur et \u00e0 agir selon les instructions \u00e9crites de Magalie Derhille&nbsp;&nbsp;et \u00e0 ne traiter les donn\u00e9es personnelles collect\u00e9es par Magalie Derhille&nbsp;&nbsp;qu\u2019aux fins des pr\u00e9sentes finalit\u00e9s.<\/p>\n<h3>8. Liens hypertextes et cookies.<\/h3>\n<p>Le site magalie.derhille.fr&nbsp;contient un certain nombre de liens hypertextes vers d\u2019autres sites, mis en place avec l\u2019autorisation de Magalie Derhille. Cependant, Magalie Derhille&nbsp;n\u2019a pas la possibilit\u00e9 de v\u00e9rifier le contenu des sites ainsi visit\u00e9s, et n\u2019assumera en cons\u00e9quence aucune responsabilit\u00e9 de ce fait.<\/p>\n<p>Les articles de ce site peuvent inclure des contenus int\u00e9gr\u00e9s (par exemple des vid\u00e9os, images, articles\u2026). Le contenu int\u00e9gr\u00e9 depuis d\u2019autres sites se comporte de la m\u00eame mani\u00e8re que si le visiteur se rendait sur cet autre site.<\/p>\n<p>Ces sites web pourraient collecter des donn\u00e9es sur vous, utiliser des cookies, embarquer des outils de suivis tiers, suivre vos interactions avec ces contenus embarqu\u00e9s si vous disposez d\u2019un compte connect\u00e9 sur leur site web.<\/p>\n<p>La navigation sur le site magalie.derhille.fr&nbsp;est susceptible de provoquer l\u2019installation de cookie(s) sur l\u2019ordinateur de l\u2019utilisateur. Un cookie est un fichier de petite taille, qui ne permet pas l\u2019identification de l\u2019utilisateur, mais qui enregistre des informations relatives \u00e0 la navigation d\u2019un ordinateur sur un site. Les donn\u00e9es ainsi obtenues visent \u00e0 faciliter la navigation ult\u00e9rieure sur le site, et ont \u00e9galement vocation \u00e0 permettre diverses mesures de fr\u00e9quentation.<\/p>\n<p>L\u2019utilisateur est libre d\u2019accepter ou de refuser les cookies en configurant son navigateur (d\u00e9sactivation de tout ou partie des cookies \u2013 voir manuel du navigateur Web ou fonction d\u2019aide).<\/p>\n<p>La d\u00e9sactivation des cookies peut entra\u00eener l\u2019indisponibilit\u00e9 de certains services auxquels ils sont associ\u00e9s. Elle n\u2019emp\u00eache pas l\u2019acc\u00e8s aux espaces non-r\u00e9serv\u00e9s du site.<\/p>\n<p>Par ailleurs, une trace des connexions au site est gard\u00e9e, et notamment de leur origine. Cette utilisation est faite \u00e0 des fins d\u2019analyses statistiques. Les donn\u00e9es correspondantes ne comportent pas de donn\u00e9es personnelles, et sont d\u00e9truites apr\u00e8s usage.<\/p>\n<p>Si vous d\u00e9posez un commentaire sur notre site, il vous sera propos\u00e9 d\u2019enregistrer votre nom, adresse de messagerie et site web dans des cookies. C\u2019est uniquement pour votre confort afin de ne pas avoir \u00e0 saisir ces informations si vous d\u00e9posez un autre commentaire plus tard. Ces cookies expirent au bout d\u2019un an.<\/p>\n<p>Si vous avez un compte et que vous vous connectez sur ce site, un cookie temporaire sera cr\u00e9\u00e9 afin de d\u00e9terminer si votre navigateur accepte les cookies. Il ne contient pas de donn\u00e9es personnelles et sera supprim\u00e9 automatiquement \u00e0 la fermeture de votre navigateur.<\/p>\n<p>Lorsque vous vous connecterez, nous mettrons en place un certain nombre de cookies pour enregistrer vos informations de connexion et vos pr\u00e9f\u00e9rences d\u2019\u00e9cran. La dur\u00e9e de vie d\u2019un cookie de connexion est de deux jours, celle d\u2019un cookie d\u2019option d\u2019\u00e9cran est d\u2019un an. Si vous cochez \u00ab Se souvenir de moi \u00bb, votre cookie de connexion sera conserv\u00e9 pendant deux semaines. Si vous vous d\u00e9connectez de votre compte, le cookie de connexion sera effac\u00e9.<\/p>\n<p><\/p>\n<h3>9. Droit applicable et attribution de juridiction.<\/h3>\n<p>Tout litige en relation avec l\u2019utilisation du site &nbsp;est soumis au droit hollandais. Il est fait attribution exclusive de juridiction aux tribunaux comp\u00e9tents de \u2026. .<\/p>\n<p><em>(Cr\u00e9dit&nbsp;: Texte g\u00e9n\u00e9r\u00e9 en partie par le site SubDelirium)<\/em><\/p>\n<p><\/p>\n<p><\/p>\t\t\t\t\t\t\t\t<\/div>\n\t\t\t\t<\/div>\n\t\t\t\t\t<\/div>\n\t\t<\/div>\n\t\t\t\t\t<\/div>\n\t\t<\/section>\n\t\t\t\t<\/div>\n\t\t","protected":false},"excerpt":{"rendered":"<p>Conditions G\u00e9n\u00e9rales de Services 1. Pr\u00e9sentation du site. Lois applicables&nbsp;: Loi n\u00b0 78-17 du 6 janvier 1978, notamment modifi\u00e9e par la loi n\u00b0 2004-801 du 6 ao\u00fbt 2004 relative \u00e0 l&rsquo;informatique, aux fichiers et aux libert\u00e9s. Loi n\u00b0 2004-575 du 21 juin 2004 pour la confiance dans l&rsquo;\u00e9conomie num\u00e9rique. En vertu de l&rsquo;article 6 de [&hellip;]<\/p>\n","protected":false},"author":1,"featured_media":0,"parent":0,"menu_order":0,"comment_status":"closed","ping_status":"closed","template":"elementor_header_footer","meta":{"_acf_changed":false,"_seopress_robots_primary_cat":"","_seopress_titles_title":"","_seopress_titles_desc":"","_seopress_robots_index":"","footnotes":""},"class_list":["post-1093","page","type-page","status-publish","hentry"],"acf":[],"_links":{"self":[{"href":"https:\/\/magalie.derhille.fr\/fr\/wp-json\/wp\/v2\/pages\/1093","targetHints":{"allow":["GET"]}}],"collection":[{"href":"https:\/\/magalie.derhille.fr\/fr\/wp-json\/wp\/v2\/pages"}],"about":[{"href":"https:\/\/magalie.derhille.fr\/fr\/wp-json\/wp\/v2\/types\/page"}],"author":[{"embeddable":true,"href":"https:\/\/magalie.derhille.fr\/fr\/wp-json\/wp\/v2\/users\/1"}],"replies":[{"embeddable":true,"href":"https:\/\/magalie.derhille.fr\/fr\/wp-json\/wp\/v2\/comments?post=1093"}],"version-history":[{"count":5,"href":"https:\/\/magalie.derhille.fr\/fr\/wp-json\/wp\/v2\/pages\/1093\/revisions"}],"predecessor-version":[{"id":1568,"href":"https:\/\/magalie.derhille.fr\/fr\/wp-json\/wp\/v2\/pages\/1093\/revisions\/1568"}],"wp:attachment":[{"href":"https:\/\/magalie.derhille.fr\/fr\/wp-json\/wp\/v2\/media?parent=1093"}],"curies":[{"name":"wp","href":"https:\/\/api.w.org\/{rel}","templated":true}]}}