{"id":2162,"date":"2024-04-25T16:09:46","date_gmt":"2024-04-25T16:09:46","guid":{"rendered":"https:\/\/magalie.derhille.fr\/?page_id=2162"},"modified":"2024-04-25T16:19:15","modified_gmt":"2024-04-25T16:19:15","slug":"liens-2","status":"publish","type":"page","link":"https:\/\/magalie.derhille.fr\/fr\/liens-2","title":{"rendered":"Merci &#8211; Newsletter"},"content":{"rendered":"\t\t<div data-elementor-type=\"wp-page\" data-elementor-id=\"2162\" class=\"elementor elementor-2162\" data-elementor-post-type=\"page\">\n\t\t\t\t\t\t<section class=\"elementor-section elementor-top-section elementor-element elementor-element-2eb1354 elementor-section-boxed elementor-section-height-default elementor-section-height-default\" data-id=\"2eb1354\" data-element_type=\"section\" data-e-type=\"section\" data-settings=\"{&quot;background_background&quot;:&quot;classic&quot;}\">\n\t\t\t\t\t\t<div class=\"elementor-container elementor-column-gap-default\">\n\t\t\t\t\t<div class=\"elementor-column elementor-col-100 elementor-top-column elementor-element elementor-element-ca98edd\" data-id=\"ca98edd\" data-element_type=\"column\" data-e-type=\"column\">\n\t\t\t<div class=\"elementor-widget-wrap elementor-element-populated\">\n\t\t\t\t\t\t<div class=\"elementor-element elementor-element-383fd19 elementor-widget elementor-widget-image\" data-id=\"383fd19\" data-element_type=\"widget\" data-e-type=\"widget\" data-widget_type=\"image.default\">\n\t\t\t\t<div class=\"elementor-widget-container\">\n\t\t\t\t\t\t\t\t\t\t\t\t\t\t\t<img decoding=\"async\" width=\"329\" height=\"126\" src=\"https:\/\/magalie.derhille.fr\/wp-content\/uploads\/2022\/02\/logo.png\" class=\"attachment-large size-large wp-image-679\" alt=\"logo\" srcset=\"https:\/\/magalie.derhille.fr\/wp-content\/uploads\/2022\/02\/logo.png 329w, https:\/\/magalie.derhille.fr\/wp-content\/uploads\/2022\/02\/logo-300x115.png 300w\" sizes=\"(max-width: 329px) 100vw, 329px\" \/>\t\t\t\t\t\t\t\t\t\t\t\t\t\t\t<\/div>\n\t\t\t\t<\/div>\n\t\t\t\t\t<\/div>\n\t\t<\/div>\n\t\t\t\t\t<\/div>\n\t\t<\/section>\n\t\t\t\t<section class=\"elementor-section elementor-top-section elementor-element elementor-element-9f1035b elementor-section-boxed elementor-section-height-default elementor-section-height-default\" data-id=\"9f1035b\" data-element_type=\"section\" data-e-type=\"section\">\n\t\t\t\t\t\t<div class=\"elementor-container elementor-column-gap-default\">\n\t\t\t\t\t<div class=\"elementor-column elementor-col-100 elementor-top-column elementor-element elementor-element-cd6ba4b\" data-id=\"cd6ba4b\" data-element_type=\"column\" data-e-type=\"column\">\n\t\t\t<div class=\"elementor-widget-wrap elementor-element-populated\">\n\t\t\t\t\t\t<div class=\"elementor-element elementor-element-91d176f elementor-widget elementor-widget-heading\" data-id=\"91d176f\" data-element_type=\"widget\" data-e-type=\"widget\" data-widget_type=\"heading.default\">\n\t\t\t\t<div class=\"elementor-widget-container\">\n\t\t\t\t\t<h2 class=\"elementor-heading-title elementor-size-default\">Avant de partir... <\/h2>\t\t\t\t<\/div>\n\t\t\t\t<\/div>\n\t\t\t\t<div class=\"elementor-element elementor-element-a5ea74a elementor-widget elementor-widget-spacer\" data-id=\"a5ea74a\" data-element_type=\"widget\" data-e-type=\"widget\" data-widget_type=\"spacer.default\">\n\t\t\t\t<div class=\"elementor-widget-container\">\n\t\t\t\t\t\t\t<div class=\"elementor-spacer\">\n\t\t\t<div class=\"elementor-spacer-inner\"><\/div>\n\t\t<\/div>\n\t\t\t\t\t\t<\/div>\n\t\t\t\t<\/div>\n\t\t\t\t<div class=\"elementor-element elementor-element-6f91f79 elementor-widget elementor-widget-text-editor\" data-id=\"6f91f79\" data-element_type=\"widget\" data-e-type=\"widget\" data-widget_type=\"text-editor.default\">\n\t\t\t\t<div class=\"elementor-widget-container\">\n\t\t\t\t\t\t\t\t\t<p>Tous les 15 jours je partage par email mes tips, astuces, r\u00e9flexions, derni\u00e8res d\u00e9couvertes en mati\u00e8re d&rsquo;outils, d&rsquo;efficacit\u00e9, d&rsquo;automatisation et d&rsquo;IA.<\/p><p>Je m&rsquo;interroge aussi sur une utilisation Ethique et Humaine de la Technologie.<\/p><p>Si tu souhaites que je t&rsquo;envoie tout \u00e7a, c&rsquo;est par ici que \u00e7a se passe \u2935\ufe0f<\/p>\t\t\t\t\t\t\t\t<\/div>\n\t\t\t\t<\/div>\n\t\t\t\t<div class=\"elementor-element elementor-element-6b303c5 elementor-widget elementor-widget-html\" data-id=\"6b303c5\" data-element_type=\"widget\" data-e-type=\"widget\" data-widget_type=\"html.default\">\n\t\t\t\t<div class=\"elementor-widget-container\">\n\t\t\t\t\t<iframe src=\"https:\/\/soulfulautomationsfr.substack.com\/embed\" width=\"480\" height=\"320\" style=\"border:1px solid #EEE; background:white;\" frameborder=\"1\" scrolling=\"no\"><\/iframe>\t\t\t\t<\/div>\n\t\t\t\t<\/div>\n\t\t\t\t\t<\/div>\n\t\t<\/div>\n\t\t\t\t\t<\/div>\n\t\t<\/section>\n\t\t\t\t<\/div>\n\t\t","protected":false},"excerpt":{"rendered":"<p>Avant de partir&#8230; Tous les 15 jours je partage par email mes tips, astuces, r\u00e9flexions, derni\u00e8res d\u00e9couvertes en mati\u00e8re d&rsquo;outils, d&rsquo;efficacit\u00e9, d&rsquo;automatisation et d&rsquo;IA. Je m&rsquo;interroge aussi sur une utilisation Ethique et Humaine de la Technologie. Si tu souhaites que je t&rsquo;envoie tout \u00e7a, c&rsquo;est par ici que \u00e7a se passe \u2935\ufe0f<\/p>\n","protected":false},"author":4,"featured_media":0,"parent":0,"menu_order":0,"comment_status":"closed","ping_status":"closed","template":"elementor_canvas","meta":{"_acf_changed":false,"_seopress_robots_primary_cat":"","_seopress_titles_title":"","_seopress_titles_desc":"","_seopress_robots_index":"","footnotes":""},"class_list":["post-2162","page","type-page","status-publish","hentry"],"acf":[],"_links":{"self":[{"href":"https:\/\/magalie.derhille.fr\/fr\/wp-json\/wp\/v2\/pages\/2162","targetHints":{"allow":["GET"]}}],"collection":[{"href":"https:\/\/magalie.derhille.fr\/fr\/wp-json\/wp\/v2\/pages"}],"about":[{"href":"https:\/\/magalie.derhille.fr\/fr\/wp-json\/wp\/v2\/types\/page"}],"author":[{"embeddable":true,"href":"https:\/\/magalie.derhille.fr\/fr\/wp-json\/wp\/v2\/users\/4"}],"replies":[{"embeddable":true,"href":"https:\/\/magalie.derhille.fr\/fr\/wp-json\/wp\/v2\/comments?post=2162"}],"version-history":[{"count":4,"href":"https:\/\/magalie.derhille.fr\/fr\/wp-json\/wp\/v2\/pages\/2162\/revisions"}],"predecessor-version":[{"id":2169,"href":"https:\/\/magalie.derhille.fr\/fr\/wp-json\/wp\/v2\/pages\/2162\/revisions\/2169"}],"wp:attachment":[{"href":"https:\/\/magalie.derhille.fr\/fr\/wp-json\/wp\/v2\/media?parent=2162"}],"curies":[{"name":"wp","href":"https:\/\/api.w.org\/{rel}","templated":true}]}}