{"id":689,"date":"2023-11-28T20:17:53","date_gmt":"2023-11-28T20:17:53","guid":{"rendered":"http:\/\/dev.derhille.fr\/?page_id=689"},"modified":"2023-11-28T20:17:53","modified_gmt":"2023-11-28T20:17:53","slug":"qui-suis-je","status":"publish","type":"page","link":"https:\/\/magalie.derhille.fr\/fr\/qui-suis-je","title":{"rendered":"Qui suis-je"},"content":{"rendered":"\t\t<div data-elementor-type=\"wp-page\" data-elementor-id=\"689\" class=\"elementor elementor-689\" data-elementor-post-type=\"page\">\n\t\t\t\t\t\t<section class=\"elementor-section elementor-top-section elementor-element elementor-element-11856c2 elementor-section-stretched elementor-section-boxed elementor-section-height-default elementor-section-height-default\" data-id=\"11856c2\" data-element_type=\"section\" data-e-type=\"section\" data-settings=\"{&quot;background_background&quot;:&quot;classic&quot;,&quot;stretch_section&quot;:&quot;section-stretched&quot;}\">\n\t\t\t\t\t\t<div class=\"elementor-container elementor-column-gap-wide\">\n\t\t\t\t\t<div class=\"elementor-column elementor-col-50 elementor-top-column elementor-element elementor-element-8fc12af\" data-id=\"8fc12af\" data-element_type=\"column\" data-e-type=\"column\">\n\t\t\t<div class=\"elementor-widget-wrap elementor-element-populated\">\n\t\t\t\t\t\t<div class=\"elementor-element elementor-element-12b80f1 elementor-invisible elementor-widget elementor-widget-heading\" data-id=\"12b80f1\" data-element_type=\"widget\" data-e-type=\"widget\" data-settings=\"{&quot;_animation&quot;:&quot;fadeIn&quot;}\" data-widget_type=\"heading.default\">\n\t\t\t\t<div class=\"elementor-widget-container\">\n\t\t\t\t\t<h1 class=\"elementor-heading-title elementor-size-default\">Moi c'est Magalie,\net je t'invite dans mon univers technico-spirituel !\u200b<\/h1>\t\t\t\t<\/div>\n\t\t\t\t<\/div>\n\t\t\t\t\t<\/div>\n\t\t<\/div>\n\t\t\t\t<div class=\"elementor-column elementor-col-50 elementor-top-column elementor-element elementor-element-9e8c7c0\" data-id=\"9e8c7c0\" data-element_type=\"column\" data-e-type=\"column\">\n\t\t\t<div class=\"elementor-widget-wrap elementor-element-populated\">\n\t\t\t\t\t\t<div class=\"elementor-element elementor-element-56afbd5 elementor-invisible elementor-widget elementor-widget-text-editor\" data-id=\"56afbd5\" data-element_type=\"widget\" data-e-type=\"widget\" data-settings=\"{&quot;_animation&quot;:&quot;fadeIn&quot;}\" data-widget_type=\"text-editor.default\">\n\t\t\t\t<div class=\"elementor-widget-container\">\n\t\t\t\t\t\t\t\t\t<p>Je suis une entrepreneuse passionn\u00e9e, experte en optimisation de processus et en automatisation, d\u00e9di\u00e9e \u00e0 soutenir les entrepreneur.euse.s du web dans les domaines du mieux-\u00eatre et de la spiritualit\u00e9. \u2728\u00a0<\/p>\t\t\t\t\t\t\t\t<\/div>\n\t\t\t\t<\/div>\n\t\t\t\t\t<\/div>\n\t\t<\/div>\n\t\t\t\t\t<\/div>\n\t\t<\/section>\n\t\t\t\t<section class=\"elementor-section elementor-top-section elementor-element elementor-element-0303226 elementor-section-stretched elementor-section-boxed elementor-section-height-default elementor-section-height-default\" data-id=\"0303226\" data-element_type=\"section\" data-e-type=\"section\" data-settings=\"{&quot;stretch_section&quot;:&quot;section-stretched&quot;,&quot;background_background&quot;:&quot;classic&quot;}\">\n\t\t\t\t\t\t\t<div class=\"elementor-background-overlay\"><\/div>\n\t\t\t\t\t\t\t<div class=\"elementor-container elementor-column-gap-wide\">\n\t\t\t\t\t<div class=\"elementor-column elementor-col-50 elementor-top-column elementor-element elementor-element-55c81f0\" data-id=\"55c81f0\" data-element_type=\"column\" data-e-type=\"column\" data-settings=\"{&quot;background_background&quot;:&quot;classic&quot;}\">\n\t\t\t<div class=\"elementor-widget-wrap elementor-element-populated\">\n\t\t\t\t\t\t<div class=\"elementor-element elementor-element-53ad3e0 elementor-widget elementor-widget-heading\" data-id=\"53ad3e0\" data-element_type=\"widget\" data-e-type=\"widget\" data-widget_type=\"heading.default\">\n\t\t\t\t<div class=\"elementor-widget-container\">\n\t\t\t\t\t<h2 class=\"elementor-heading-title elementor-size-default\">Amoureuse de la nature, maman-solo une semaine sur deux, que puis-je te dire d\u2019int\u00e9ressant sur moi ?<\/h2>\t\t\t\t<\/div>\n\t\t\t\t<\/div>\n\t\t\t\t<div class=\"elementor-element elementor-element-59312ab elementor-widget elementor-widget-text-editor\" data-id=\"59312ab\" data-element_type=\"widget\" data-e-type=\"widget\" data-widget_type=\"text-editor.default\">\n\t\t\t\t<div class=\"elementor-widget-container\">\n\t\t\t\t\t\t\t\t\t<p>Je suis une entrepreneuse passionn\u00e9e, experte en optimisation de processus et en automatisation, d\u00e9di\u00e9e \u00e0 soutenir les entrepreneur.euse.s du web dans les domaines du mieux-\u00eatre et de la spiritualit\u00e9. <b>Mon objectif : te permettre de te concentrer sur ce que tu fais de mieux <\/b>&#8211; partager ta passion et ton expertise avec le monde &#8211; <b>tout en laissant la technique travailler pour toi en arri\u00e8re-plan.<\/b><\/p><p>Avec 20 ans d&rsquo;exp\u00e9rience salari\u00e9e en tant qu&rsquo;ing\u00e9nieur en qualit\u00e9 logicielle et 10 ans d&rsquo;expertise en webmarketing pour mon activit\u00e9 de cours de batterie en ligne, je suis pass\u00e9e \u00e0 mon compte en 2020 pour d\u00e9velopper une approche unique afin d\u2019aider les entrepreneuses comme toi \u00e0 \u00ab\u00a0r\u00e9aligner leurs chakras informatiques\u00a0\u00bb et \u00e0 \u00ab\u00a0R\u00e9v\u00e9ler l&rsquo;Invisible de leur business\u00a0\u00bb.<\/p><p>Je con\u00e7ois des solutions \u00ab\u00a0sans code,\u00a0\u00bb sur mesure pour <b>optimiser et automatiser les processus essentiels de ton activit\u00e9<\/b>, du premier contact avec tes client\u00b7e\u00b7s \u00e0 la gestion de tes contenus sur les r\u00e9seaux sociaux, en passant par la facturation.<\/p>\t\t\t\t\t\t\t\t<\/div>\n\t\t\t\t<\/div>\n\t\t\t\t<div class=\"elementor-element elementor-element-1867d58 elementor-widget elementor-widget-text-editor\" data-id=\"1867d58\" data-element_type=\"widget\" data-e-type=\"widget\" data-widget_type=\"text-editor.default\">\n\t\t\t\t<div class=\"elementor-widget-container\">\n\t\t\t\t\t\t\t\t\t<p>Notre imagination est notre seule limite.<\/p>\t\t\t\t\t\t\t\t<\/div>\n\t\t\t\t<\/div>\n\t\t\t\t\t<\/div>\n\t\t<\/div>\n\t\t\t\t<div class=\"elementor-column elementor-col-50 elementor-top-column elementor-element elementor-element-7d7fa16\" data-id=\"7d7fa16\" data-element_type=\"column\" data-e-type=\"column\">\n\t\t\t<div class=\"elementor-widget-wrap elementor-element-populated\">\n\t\t\t\t\t\t<div class=\"elementor-element elementor-element-42d7fb5 elementor-invisible elementor-widget elementor-widget-image\" data-id=\"42d7fb5\" data-element_type=\"widget\" data-e-type=\"widget\" data-settings=\"{&quot;_animation&quot;:&quot;fadeIn&quot;}\" data-widget_type=\"image.default\">\n\t\t\t\t<div class=\"elementor-widget-container\">\n\t\t\t\t\t\t\t\t\t\t\t\t\t\t\t<img fetchpriority=\"high\" decoding=\"async\" width=\"496\" height=\"665\" src=\"https:\/\/magalie.derhille.fr\/wp-content\/uploads\/2023\/11\/magalie-accueil2.png\" class=\"attachment-large size-large wp-image-793\" alt=\"magalie accueil2\" srcset=\"https:\/\/magalie.derhille.fr\/wp-content\/uploads\/2023\/11\/magalie-accueil2.png 496w, https:\/\/magalie.derhille.fr\/wp-content\/uploads\/2023\/11\/magalie-accueil2-224x300.png 224w\" sizes=\"(max-width: 496px) 100vw, 496px\" \/>\t\t\t\t\t\t\t\t\t\t\t\t\t\t\t<\/div>\n\t\t\t\t<\/div>\n\t\t\t\t\t<\/div>\n\t\t<\/div>\n\t\t\t\t\t<\/div>\n\t\t<\/section>\n\t\t\t\t<section class=\"elementor-section elementor-top-section elementor-element elementor-element-beaff5d elementor-section-stretched elementor-section-boxed elementor-section-height-default elementor-section-height-default\" data-id=\"beaff5d\" data-element_type=\"section\" data-e-type=\"section\" data-settings=\"{&quot;stretch_section&quot;:&quot;section-stretched&quot;,&quot;background_background&quot;:&quot;classic&quot;}\">\n\t\t\t\t\t\t\t<div class=\"elementor-background-overlay\"><\/div>\n\t\t\t\t\t\t\t<div class=\"elementor-container elementor-column-gap-wide\">\n\t\t\t\t\t<div class=\"elementor-column elementor-col-50 elementor-top-column elementor-element elementor-element-14ba0ad\" data-id=\"14ba0ad\" data-element_type=\"column\" data-e-type=\"column\">\n\t\t\t<div class=\"elementor-widget-wrap elementor-element-populated\">\n\t\t\t\t\t\t<div class=\"elementor-element elementor-element-6878a33 elementor-invisible elementor-widget elementor-widget-image\" data-id=\"6878a33\" data-element_type=\"widget\" data-e-type=\"widget\" data-settings=\"{&quot;_animation&quot;:&quot;fadeIn&quot;}\" data-widget_type=\"image.default\">\n\t\t\t\t<div class=\"elementor-widget-container\">\n\t\t\t\t\t\t\t\t\t\t\t\t\t\t\t<img decoding=\"async\" width=\"480\" height=\"494\" src=\"https:\/\/magalie.derhille.fr\/wp-content\/uploads\/2023\/11\/coaching-efficacite.png\" class=\"attachment-large size-large wp-image-896\" alt=\"coaching efficacite\" srcset=\"https:\/\/magalie.derhille.fr\/wp-content\/uploads\/2023\/11\/coaching-efficacite.png 480w, https:\/\/magalie.derhille.fr\/wp-content\/uploads\/2023\/11\/coaching-efficacite-291x300.png 291w\" sizes=\"(max-width: 480px) 100vw, 480px\" \/>\t\t\t\t\t\t\t\t\t\t\t\t\t\t\t<\/div>\n\t\t\t\t<\/div>\n\t\t\t\t\t<\/div>\n\t\t<\/div>\n\t\t\t\t<div class=\"elementor-column elementor-col-50 elementor-top-column elementor-element elementor-element-01a9345\" data-id=\"01a9345\" data-element_type=\"column\" data-e-type=\"column\" data-settings=\"{&quot;background_background&quot;:&quot;classic&quot;}\">\n\t\t\t<div class=\"elementor-widget-wrap elementor-element-populated\">\n\t\t\t\t\t\t<div class=\"elementor-element elementor-element-b3c07b8 elementor-widget elementor-widget-text-editor\" data-id=\"b3c07b8\" data-element_type=\"widget\" data-e-type=\"widget\" data-widget_type=\"text-editor.default\">\n\t\t\t\t<div class=\"elementor-widget-container\">\n\t\t\t\t\t\t\t\t\t<p><b>En tant que Projecteur en Human Design, <\/b>je suis ton guide, gr\u00e2ce \u00e0 ma Ligne 5 je me mets en qu\u00eate de solutions innovantes, \u00ab\u00a0out of the box,\u00a0\u00bb souvent \u00e0 contre-courant des modes et des tendances, pour \u00e9clairer ton chemin.<\/p><p>Ma Ligne 1 me pousse \u00e0 creuser les sujets \u00e0 fond, \u00e0 acqu\u00e9rir des connaissances pouss\u00e9es pour te fournir des solutions personnalis\u00e9es et efficaces.<\/p><p>Ma mission est de te donner la confiance n\u00e9cessaire pour prendre en main ta technique en toute confiance, <b>sans stress ni jargon informatique.<\/b><\/p>\t\t\t\t\t\t\t\t<\/div>\n\t\t\t\t<\/div>\n\t\t\t\t<div class=\"elementor-element elementor-element-80c7856 elementor-widget elementor-widget-text-editor\" data-id=\"80c7856\" data-element_type=\"widget\" data-e-type=\"widget\" data-widget_type=\"text-editor.default\">\n\t\t\t\t<div class=\"elementor-widget-container\">\n\t\t\t\t\t\t\t\t\t<p>Je parle ton langage, celui de la simplicit\u00e9 et de l&rsquo;efficacit\u00e9.<\/p>\t\t\t\t\t\t\t\t<\/div>\n\t\t\t\t<\/div>\n\t\t\t\t<div class=\"elementor-element elementor-element-ab8d940 elementor-widget elementor-widget-text-editor\" data-id=\"ab8d940\" data-element_type=\"widget\" data-e-type=\"widget\" data-widget_type=\"text-editor.default\">\n\t\t\t\t<div class=\"elementor-widget-container\">\n\t\t\t\t\t\t\t\t\t<p>Mon approche s&rsquo;adapte \u00e0 chaque entrepreneur\u00b7se, car je crois fermement que nous sommes tous uniques. <b>Je m&rsquo;appuie sur le Design Humain pour personnaliser mes accompagnements<\/b> en fonction de ta personnalit\u00e9 et de tes besoins et sp\u00e9cificit\u00e9s.<\/p><p>Laisse-moi te montrer comment la technique peut travailler pour toi, devenir ton alli\u00e9e, et te permettre de d\u00e9velopper ton business de mani\u00e8re autonome, sans tracas. Je suis l\u00e0 pour te guider, te soutenir et faire briller la magie de ton business en ligne gr\u00e2ce \u00e0 une technique invisible \u00e0 ton service.<\/p>\t\t\t\t\t\t\t\t<\/div>\n\t\t\t\t<\/div>\n\t\t\t\t\t<\/div>\n\t\t<\/div>\n\t\t\t\t\t<\/div>\n\t\t<\/section>\n\t\t\t\t<section class=\"elementor-section elementor-top-section elementor-element elementor-element-a126d1f elementor-section-stretched elementor-section-boxed elementor-section-height-default elementor-section-height-default\" data-id=\"a126d1f\" data-element_type=\"section\" data-e-type=\"section\" data-settings=\"{&quot;stretch_section&quot;:&quot;section-stretched&quot;,&quot;background_background&quot;:&quot;classic&quot;}\">\n\t\t\t\t\t\t\t<div class=\"elementor-background-overlay\"><\/div>\n\t\t\t\t\t\t\t<div class=\"elementor-container elementor-column-gap-wide\">\n\t\t\t\t\t<div class=\"elementor-column elementor-col-50 elementor-top-column elementor-element elementor-element-900c437\" data-id=\"900c437\" data-element_type=\"column\" data-e-type=\"column\">\n\t\t\t<div class=\"elementor-widget-wrap elementor-element-populated\">\n\t\t\t\t\t\t<div class=\"elementor-element elementor-element-0bfbb8e elementor-widget elementor-widget-text-editor\" data-id=\"0bfbb8e\" data-element_type=\"widget\" data-e-type=\"widget\" data-widget_type=\"text-editor.default\">\n\t\t\t\t<div class=\"elementor-widget-container\">\n\t\t\t\t\t\t\t\t\t<p>Pr\u00eat\u00b7e \u00e0 r\u00e9v\u00e9ler tout le potentiel de ton activit\u00e9 en ligne ?<\/p><p><!-- notionvc: f758b613-5a41-458b-82ce-d94dc73dc8c6 --><\/p><p>R\u00e9serve ton \u00ab\u00a0Diagnostic d&rsquo;Automatisation\u00a0\u00bb gratuit et d\u00e9couvrons ensemble comment optimiser et automatiser ton business tout en restant fid\u00e8le \u00e0 ta vision unique. \ud83c\udf1f\ud83d\ude80<\/p>\t\t\t\t\t\t\t\t<\/div>\n\t\t\t\t<\/div>\n\t\t\t\t\t<\/div>\n\t\t<\/div>\n\t\t\t\t<div class=\"elementor-column elementor-col-50 elementor-top-column elementor-element elementor-element-557ffab\" data-id=\"557ffab\" data-element_type=\"column\" data-e-type=\"column\" data-settings=\"{&quot;background_background&quot;:&quot;classic&quot;}\">\n\t\t\t<div class=\"elementor-widget-wrap elementor-element-populated\">\n\t\t\t\t\t\t<div class=\"elementor-element elementor-element-364bbdb elementor-align-justify elementor-invisible elementor-widget elementor-widget-button\" data-id=\"364bbdb\" data-element_type=\"widget\" data-e-type=\"widget\" data-settings=\"{&quot;_animation&quot;:&quot;fadeIn&quot;}\" data-widget_type=\"button.default\">\n\t\t\t\t<div class=\"elementor-widget-container\">\n\t\t\t\t\t\t\t\t\t<div class=\"elementor-button-wrapper\">\n\t\t\t\t\t<a class=\"elementor-button elementor-button-link elementor-size-sm\" href=\"https:\/\/magalie.derhille.fr\/fr\/me-contacter\">\n\t\t\t\t\t\t<span class=\"elementor-button-content-wrapper\">\n\t\t\t\t\t\t\t\t\t<span class=\"elementor-button-text\">R\u00e9serve ton diagnostic gratuit<\/span>\n\t\t\t\t\t<\/span>\n\t\t\t\t\t<\/a>\n\t\t\t\t<\/div>\n\t\t\t\t\t\t\t\t<\/div>\n\t\t\t\t<\/div>\n\t\t\t\t\t<\/div>\n\t\t<\/div>\n\t\t\t\t\t<\/div>\n\t\t<\/section>\n\t\t\t\t<section class=\"elementor-section elementor-top-section elementor-element elementor-element-dfdac4f elementor-section-stretched elementor-section-boxed elementor-section-height-default elementor-section-height-default\" data-id=\"dfdac4f\" data-element_type=\"section\" data-e-type=\"section\" data-settings=\"{&quot;stretch_section&quot;:&quot;section-stretched&quot;,&quot;background_background&quot;:&quot;classic&quot;}\">\n\t\t\t\t\t\t<div class=\"elementor-container elementor-column-gap-wide\">\n\t\t\t\t\t<div class=\"elementor-column elementor-col-100 elementor-top-column elementor-element elementor-element-3cb9360\" data-id=\"3cb9360\" data-element_type=\"column\" data-e-type=\"column\">\n\t\t\t<div class=\"elementor-widget-wrap elementor-element-populated\">\n\t\t\t\t\t\t<section class=\"elementor-section elementor-inner-section elementor-element elementor-element-8a72b6d elementor-section-boxed elementor-section-height-default elementor-section-height-default elementor-invisible\" data-id=\"8a72b6d\" data-element_type=\"section\" data-e-type=\"section\" data-settings=\"{&quot;animation&quot;:&quot;fadeIn&quot;}\">\n\t\t\t\t\t\t<div class=\"elementor-container elementor-column-gap-default\">\n\t\t\t\t\t<div class=\"elementor-column elementor-col-33 elementor-inner-column elementor-element elementor-element-e43a34a\" data-id=\"e43a34a\" data-element_type=\"column\" data-e-type=\"column\">\n\t\t\t<div class=\"elementor-widget-wrap\">\n\t\t\t\t\t\t\t<\/div>\n\t\t<\/div>\n\t\t\t\t<div class=\"elementor-column elementor-col-33 elementor-inner-column elementor-element elementor-element-9139f3f\" data-id=\"9139f3f\" data-element_type=\"column\" data-e-type=\"column\" data-settings=\"{&quot;background_background&quot;:&quot;classic&quot;}\">\n\t\t\t<div class=\"elementor-widget-wrap elementor-element-populated\">\n\t\t\t\t\t\t<div class=\"elementor-element elementor-element-b368d58 elementor-invisible elementor-widget elementor-widget-image\" data-id=\"b368d58\" data-element_type=\"widget\" data-e-type=\"widget\" data-settings=\"{&quot;_animation&quot;:&quot;flash&quot;,&quot;_animation_delay&quot;:200}\" data-widget_type=\"image.default\">\n\t\t\t\t<div class=\"elementor-widget-container\">\n\t\t\t\t\t\t\t\t\t\t\t\t\t\t\t<img decoding=\"async\" width=\"153\" height=\"47\" src=\"https:\/\/magalie.derhille.fr\/wp-content\/uploads\/2023\/11\/motif4.png\" class=\"attachment-large size-large wp-image-853\" alt=\"motif4\" srcset=\"https:\/\/magalie.derhille.fr\/wp-content\/uploads\/2023\/11\/motif4.png 153w, https:\/\/magalie.derhille.fr\/wp-content\/uploads\/2023\/11\/motif4-150x47.png 150w\" sizes=\"(max-width: 153px) 100vw, 153px\" \/>\t\t\t\t\t\t\t\t\t\t\t\t\t\t\t<\/div>\n\t\t\t\t<\/div>\n\t\t\t\t<div class=\"elementor-element elementor-element-7c04deb elementor-widget elementor-widget-text-editor\" data-id=\"7c04deb\" data-element_type=\"widget\" data-e-type=\"widget\" data-widget_type=\"text-editor.default\">\n\t\t\t\t<div class=\"elementor-widget-container\">\n\t\t\t\t\t\t\t\t\t<p>\u201cMagalie, c\u2019est la Haute Couture de l\u2019Informatique\u201d<\/p>\t\t\t\t\t\t\t\t<\/div>\n\t\t\t\t<\/div>\n\t\t\t\t<div class=\"elementor-element elementor-element-9d0010a elementor-widget elementor-widget-text-editor\" data-id=\"9d0010a\" data-element_type=\"widget\" data-e-type=\"widget\" data-widget_type=\"text-editor.default\">\n\t\t\t\t<div class=\"elementor-widget-container\">\n\t\t\t\t\t\t\t\t\t<p>Marion &#8211; Vivons les Saisons &#8211; professeure de M\u00e9ditation et Qicong<\/p>\t\t\t\t\t\t\t\t<\/div>\n\t\t\t\t<\/div>\n\t\t\t\t\t<\/div>\n\t\t<\/div>\n\t\t\t\t<div class=\"elementor-column elementor-col-33 elementor-inner-column elementor-element elementor-element-e3d7460\" data-id=\"e3d7460\" data-element_type=\"column\" data-e-type=\"column\">\n\t\t\t<div class=\"elementor-widget-wrap\">\n\t\t\t\t\t\t\t<\/div>\n\t\t<\/div>\n\t\t\t\t\t<\/div>\n\t\t<\/section>\n\t\t\t\t\t<\/div>\n\t\t<\/div>\n\t\t\t\t\t<\/div>\n\t\t<\/section>\n\t\t\t\t<\/div>\n\t\t","protected":false},"excerpt":{"rendered":"<p>Moi c&rsquo;est Magalie, et je t&rsquo;invite dans mon univers technico-spirituel !\u200b Je suis une entrepreneuse passionn\u00e9e, experte en optimisation de processus et en automatisation, d\u00e9di\u00e9e \u00e0 soutenir les entrepreneur.euse.s du web dans les domaines du mieux-\u00eatre et de la spiritualit\u00e9. \u2728\u00a0 Amoureuse de la nature, maman-solo une semaine sur deux, que puis-je te dire d\u2019int\u00e9ressant [&hellip;]<\/p>\n","protected":false},"author":1,"featured_media":0,"parent":0,"menu_order":0,"comment_status":"closed","ping_status":"closed","template":"elementor_header_footer","meta":{"_acf_changed":false,"_seopress_robots_primary_cat":"","_seopress_titles_title":"","_seopress_titles_desc":"","_seopress_robots_index":"","footnotes":""},"class_list":["post-689","page","type-page","status-publish","hentry"],"acf":[],"_links":{"self":[{"href":"https:\/\/magalie.derhille.fr\/fr\/wp-json\/wp\/v2\/pages\/689","targetHints":{"allow":["GET"]}}],"collection":[{"href":"https:\/\/magalie.derhille.fr\/fr\/wp-json\/wp\/v2\/pages"}],"about":[{"href":"https:\/\/magalie.derhille.fr\/fr\/wp-json\/wp\/v2\/types\/page"}],"author":[{"embeddable":true,"href":"https:\/\/magalie.derhille.fr\/fr\/wp-json\/wp\/v2\/users\/1"}],"replies":[{"embeddable":true,"href":"https:\/\/magalie.derhille.fr\/fr\/wp-json\/wp\/v2\/comments?post=689"}],"version-history":[{"count":16,"href":"https:\/\/magalie.derhille.fr\/fr\/wp-json\/wp\/v2\/pages\/689\/revisions"}],"predecessor-version":[{"id":1111,"href":"https:\/\/magalie.derhille.fr\/fr\/wp-json\/wp\/v2\/pages\/689\/revisions\/1111"}],"wp:attachment":[{"href":"https:\/\/magalie.derhille.fr\/fr\/wp-json\/wp\/v2\/media?parent=689"}],"curies":[{"name":"wp","href":"https:\/\/api.w.org\/{rel}","templated":true}]}}