{"id":705,"date":"2023-11-28T20:17:53","date_gmt":"2023-11-28T20:17:53","guid":{"rendered":"http:\/\/dev.derhille.fr\/?page_id=705"},"modified":"2024-01-30T10:54:14","modified_gmt":"2024-01-30T10:54:14","slug":"me-contacter","status":"publish","type":"page","link":"https:\/\/magalie.derhille.fr\/fr\/me-contacter","title":{"rendered":"Me contacter"},"content":{"rendered":"\t\t<div data-elementor-type=\"wp-page\" data-elementor-id=\"705\" class=\"elementor elementor-705\" data-elementor-post-type=\"page\">\n\t\t\t\t\t\t<section class=\"elementor-section elementor-top-section elementor-element elementor-element-d90cf12 elementor-section-stretched elementor-section-boxed elementor-section-height-default elementor-section-height-default\" data-id=\"d90cf12\" data-element_type=\"section\" data-e-type=\"section\" data-settings=\"{&quot;background_background&quot;:&quot;classic&quot;,&quot;stretch_section&quot;:&quot;section-stretched&quot;}\">\n\t\t\t\t\t\t<div class=\"elementor-container elementor-column-gap-wide\">\n\t\t\t\t\t<div class=\"elementor-column elementor-col-50 elementor-top-column elementor-element elementor-element-ac07831\" data-id=\"ac07831\" data-element_type=\"column\" data-e-type=\"column\">\n\t\t\t<div class=\"elementor-widget-wrap elementor-element-populated\">\n\t\t\t\t\t\t<div class=\"elementor-element elementor-element-3284dc8 elementor-invisible elementor-widget elementor-widget-heading\" data-id=\"3284dc8\" data-element_type=\"widget\" data-e-type=\"widget\" data-settings=\"{&quot;_animation&quot;:&quot;fadeIn&quot;}\" data-widget_type=\"heading.default\">\n\t\t\t\t<div class=\"elementor-widget-container\">\n\t\t\t\t\t<h1 class=\"elementor-heading-title elementor-size-default\">Diagnostic d\u2019Automatisation (appel d\u00e9couverte)<\/h1>\t\t\t\t<\/div>\n\t\t\t\t<\/div>\n\t\t\t\t\t<\/div>\n\t\t<\/div>\n\t\t\t\t<div class=\"elementor-column elementor-col-50 elementor-top-column elementor-element elementor-element-f1a8f4d\" data-id=\"f1a8f4d\" data-element_type=\"column\" data-e-type=\"column\">\n\t\t\t<div class=\"elementor-widget-wrap elementor-element-populated\">\n\t\t\t\t\t\t<div class=\"elementor-element elementor-element-1e9919b elementor-widget__width-inherit elementor-widget-tablet__width-inherit elementor-invisible elementor-widget elementor-widget-image\" data-id=\"1e9919b\" data-element_type=\"widget\" data-e-type=\"widget\" data-settings=\"{&quot;_animation&quot;:&quot;fadeIn&quot;}\" data-widget_type=\"image.default\">\n\t\t\t\t<div class=\"elementor-widget-container\">\n\t\t\t\t\t\t\t\t\t\t\t\t\t\t\t<img decoding=\"async\" width=\"145\" height=\"112\" src=\"https:\/\/magalie.derhille.fr\/wp-content\/uploads\/2023\/11\/motif.svg\" class=\"attachment-large size-large wp-image-736\" alt=\"motif\" \/>\t\t\t\t\t\t\t\t\t\t\t\t\t\t\t<\/div>\n\t\t\t\t<\/div>\n\t\t\t\t<div class=\"elementor-element elementor-element-6720f31 elementor-invisible elementor-widget elementor-widget-text-editor\" data-id=\"6720f31\" data-element_type=\"widget\" data-e-type=\"widget\" data-settings=\"{&quot;_animation&quot;:&quot;fadeIn&quot;}\" data-widget_type=\"text-editor.default\">\n\t\t\t\t<div class=\"elementor-widget-container\">\n\t\t\t\t\t\t\t\t\t<p>Pr\u00eat.e \u00e0 explorer comment je peux t&rsquo;aider \u00e0 optimiser ton univers en ligne gr\u00e2ce \u00e0 la magie technico-spirituelle ?<\/p>\t\t\t\t\t\t\t\t<\/div>\n\t\t\t\t<\/div>\n\t\t\t\t\t<\/div>\n\t\t<\/div>\n\t\t\t\t\t<\/div>\n\t\t<\/section>\n\t\t\t\t<section class=\"elementor-section elementor-top-section elementor-element elementor-element-a109754 elementor-section-boxed elementor-section-height-default elementor-section-height-default\" data-id=\"a109754\" data-element_type=\"section\" data-e-type=\"section\">\n\t\t\t\t\t\t<div class=\"elementor-container elementor-column-gap-default\">\n\t\t\t\t\t<div class=\"elementor-column elementor-col-100 elementor-top-column elementor-element elementor-element-0a948b9\" data-id=\"0a948b9\" data-element_type=\"column\" data-e-type=\"column\">\n\t\t\t<div class=\"elementor-widget-wrap elementor-element-populated\">\n\t\t\t\t\t\t<div class=\"elementor-element elementor-element-ac48640 elementor-invisible elementor-widget elementor-widget-image\" data-id=\"ac48640\" data-element_type=\"widget\" data-e-type=\"widget\" data-settings=\"{&quot;_animation&quot;:&quot;headShake&quot;}\" data-widget_type=\"image.default\">\n\t\t\t\t<div class=\"elementor-widget-container\">\n\t\t\t\t\t\t\t\t\t\t\t\t\t\t\t<img decoding=\"async\" width=\"383\" height=\"128\" src=\"https:\/\/magalie.derhille.fr\/wp-content\/uploads\/2023\/11\/message3.png\" class=\"attachment-large size-large wp-image-889\" alt=\"message3\" srcset=\"https:\/\/magalie.derhille.fr\/wp-content\/uploads\/2023\/11\/message3.png 383w, https:\/\/magalie.derhille.fr\/wp-content\/uploads\/2023\/11\/message3-300x100.png 300w\" sizes=\"(max-width: 383px) 100vw, 383px\" \/>\t\t\t\t\t\t\t\t\t\t\t\t\t\t\t<\/div>\n\t\t\t\t<\/div>\n\t\t\t\t\t<\/div>\n\t\t<\/div>\n\t\t\t\t\t<\/div>\n\t\t<\/section>\n\t\t\t\t<section class=\"elementor-section elementor-top-section elementor-element elementor-element-18203a5 elementor-section-stretched elementor-section-boxed elementor-section-height-default elementor-section-height-default\" data-id=\"18203a5\" data-element_type=\"section\" data-e-type=\"section\" data-settings=\"{&quot;stretch_section&quot;:&quot;section-stretched&quot;,&quot;background_background&quot;:&quot;classic&quot;}\">\n\t\t\t\t\t\t\t<div class=\"elementor-background-overlay\"><\/div>\n\t\t\t\t\t\t\t<div class=\"elementor-container elementor-column-gap-wide\">\n\t\t\t\t\t<div class=\"elementor-column elementor-col-50 elementor-top-column elementor-element elementor-element-37d5596\" data-id=\"37d5596\" data-element_type=\"column\" data-e-type=\"column\">\n\t\t\t<div class=\"elementor-widget-wrap elementor-element-populated\">\n\t\t\t\t\t\t<div class=\"elementor-element elementor-element-68c9c88 elementor-invisible elementor-widget elementor-widget-image\" data-id=\"68c9c88\" data-element_type=\"widget\" data-e-type=\"widget\" data-settings=\"{&quot;_animation&quot;:&quot;fadeIn&quot;}\" data-widget_type=\"image.default\">\n\t\t\t\t<div class=\"elementor-widget-container\">\n\t\t\t\t\t\t\t\t\t\t\t\t\t\t\t<img fetchpriority=\"high\" decoding=\"async\" width=\"591\" height=\"637\" src=\"https:\/\/magalie.derhille.fr\/wp-content\/uploads\/2023\/11\/magalie-rdv.png\" class=\"attachment-large size-large wp-image-922\" alt=\"magalie rdv\" srcset=\"https:\/\/magalie.derhille.fr\/wp-content\/uploads\/2023\/11\/magalie-rdv.png 591w, https:\/\/magalie.derhille.fr\/wp-content\/uploads\/2023\/11\/magalie-rdv-278x300.png 278w\" sizes=\"(max-width: 591px) 100vw, 591px\" \/>\t\t\t\t\t\t\t\t\t\t\t\t\t\t\t<\/div>\n\t\t\t\t<\/div>\n\t\t\t\t\t<\/div>\n\t\t<\/div>\n\t\t\t\t<div class=\"elementor-column elementor-col-50 elementor-top-column elementor-element elementor-element-db97790\" data-id=\"db97790\" data-element_type=\"column\" data-e-type=\"column\" data-settings=\"{&quot;background_background&quot;:&quot;classic&quot;}\">\n\t\t\t<div class=\"elementor-widget-wrap elementor-element-populated\">\n\t\t\t\t\t\t<div class=\"elementor-element elementor-element-6d76f3b elementor-widget elementor-widget-text-editor\" data-id=\"6d76f3b\" data-element_type=\"widget\" data-e-type=\"widget\" data-widget_type=\"text-editor.default\">\n\t\t\t\t<div class=\"elementor-widget-container\">\n\t\t\t\t\t\t\t\t\t<p>Mon appel d\u00e9couverte d&rsquo;automatisation est une occasion pour toi de me d\u00e9crire tes d\u00e9fis et aspirations, afin que nous puissions voir ensemble comment <strong>allumer les \u00e9tincelles du succ\u00e8s !<\/strong> \u2728<\/p>\t\t\t\t\t\t\t\t<\/div>\n\t\t\t\t<\/div>\n\t\t\t\t<div class=\"elementor-element elementor-element-fa33edf elementor-widget elementor-widget-text-editor\" data-id=\"fa33edf\" data-element_type=\"widget\" data-e-type=\"widget\" data-widget_type=\"text-editor.default\">\n\t\t\t\t<div class=\"elementor-widget-container\">\n\t\t\t\t\t\t\t\t\t<p>Lors de notre appel, tu es au c\u0153ur de la conversation.<\/p>\t\t\t\t\t\t\t\t<\/div>\n\t\t\t\t<\/div>\n\t\t\t\t<div class=\"elementor-element elementor-element-8ebb503 elementor-widget elementor-widget-text-editor\" data-id=\"8ebb503\" data-element_type=\"widget\" data-e-type=\"widget\" data-widget_type=\"text-editor.default\">\n\t\t\t\t<div class=\"elementor-widget-container\">\n\t\t\t\t\t\t\t\t\t<p>Je serai toute oreille pendant que tu me d\u00e9cris ton activit\u00e9, ton mod\u00e8le \u00e9conomique, la taille de ton entreprise et les outils que tu utilises d\u00e9j\u00e0. Sans te submerger de termes techniques,<strong> je vais \u00e9couter tes besoins et tes objectifs avec bienveillance.<\/strong><\/p><p>Ensemble, <strong>nous explorerons les pistes d&rsquo;am\u00e9lioration possibles.<\/strong> Je te fournirai des conseils concrets et des orientations adapt\u00e9es \u00e0 ta situation. Si nous identifions des zones o\u00f9 l&rsquo;automatisation pourrait \u00eatre b\u00e9n\u00e9fique, je te guiderai sur les \u00e9tapes \u00e0 envisager, et nous verrons comment je peux t&rsquo;accompagner dans ce voyage.<\/p><p>L&rsquo;appel d\u00e9couverte est <strong>une opportunit\u00e9 pour toi d&rsquo;obtenir des r\u00e9ponses \u00e0 tes questions et de recevoir une perspective experte<\/strong> sur comment tu pourrais faire briller ton business en ligne. <br \/>\u00c0 la fin, tu auras une meilleure compr\u00e9hension de comment je peux t&rsquo;aider et si nos chemins peuvent se rejoindre.<\/p>\t\t\t\t\t\t\t\t<\/div>\n\t\t\t\t<\/div>\n\t\t\t\t\t<\/div>\n\t\t<\/div>\n\t\t\t\t\t<\/div>\n\t\t<\/section>\n\t\t\t\t<section class=\"elementor-section elementor-top-section elementor-element elementor-element-151ba8b elementor-section-stretched elementor-section-boxed elementor-section-height-default elementor-section-height-default\" data-id=\"151ba8b\" data-element_type=\"section\" data-e-type=\"section\" data-settings=\"{&quot;stretch_section&quot;:&quot;section-stretched&quot;,&quot;background_background&quot;:&quot;classic&quot;}\">\n\t\t\t\t\t\t\t<div class=\"elementor-background-overlay\"><\/div>\n\t\t\t\t\t\t\t<div class=\"elementor-container elementor-column-gap-wide\">\n\t\t\t\t\t<div class=\"elementor-column elementor-col-50 elementor-top-column elementor-element elementor-element-32e34ce\" data-id=\"32e34ce\" data-element_type=\"column\" data-e-type=\"column\">\n\t\t\t<div class=\"elementor-widget-wrap elementor-element-populated\">\n\t\t\t\t\t\t<div class=\"elementor-element elementor-element-b39998f elementor-widget elementor-widget-text-editor\" data-id=\"b39998f\" data-element_type=\"widget\" data-e-type=\"widget\" data-widget_type=\"text-editor.default\">\n\t\t\t\t<div class=\"elementor-widget-container\">\n\t\t\t\t\t\t\t\t\t<p>Pr\u00eat.e \u00e0 tenter cette aventure vers l&rsquo;automatisation \u00e9clair\u00e9e ? R\u00e9serve ton appel d\u00e9couverte et explorons ensemble comment la magie technico-spirituelle peut t&rsquo;aider \u00e0 \u00e9lever ton entreprise en ligne. \ud83d\ude80\ud83d\udca1<\/p>\t\t\t\t\t\t\t\t<\/div>\n\t\t\t\t<\/div>\n\t\t\t\t\t<\/div>\n\t\t<\/div>\n\t\t\t\t<div class=\"elementor-column elementor-col-50 elementor-top-column elementor-element elementor-element-5e89f5a\" data-id=\"5e89f5a\" data-element_type=\"column\" data-e-type=\"column\" data-settings=\"{&quot;background_background&quot;:&quot;classic&quot;}\">\n\t\t\t<div class=\"elementor-widget-wrap elementor-element-populated\">\n\t\t\t\t\t\t<div class=\"elementor-element elementor-element-b549e90 elementor-align-center elementor-invisible elementor-widget elementor-widget-button\" data-id=\"b549e90\" data-element_type=\"widget\" data-e-type=\"widget\" data-settings=\"{&quot;_animation&quot;:&quot;fadeIn&quot;}\" data-widget_type=\"button.default\">\n\t\t\t\t<div class=\"elementor-widget-container\">\n\t\t\t\t\t\t\t\t\t<div class=\"elementor-button-wrapper\">\n\t\t\t\t\t<a class=\"elementor-button elementor-button-link elementor-size-sm\" href=\"https:\/\/rebrand.ly\/diagautomFRwww\" target=\"_blank\">\n\t\t\t\t\t\t<span class=\"elementor-button-content-wrapper\">\n\t\t\t\t\t\t<span class=\"elementor-button-icon\">\n\t\t\t\t<i aria-hidden=\"true\" class=\"fas fa-external-link-alt\"><\/i>\t\t\t<\/span>\n\t\t\t\t\t\t\t\t\t<span class=\"elementor-button-text\">Ton diagnostic d'automatisation offert <\/span>\n\t\t\t\t\t<\/span>\n\t\t\t\t\t<\/a>\n\t\t\t\t<\/div>\n\t\t\t\t\t\t\t\t<\/div>\n\t\t\t\t<\/div>\n\t\t\t\t\t<\/div>\n\t\t<\/div>\n\t\t\t\t\t<\/div>\n\t\t<\/section>\n\t\t\t\t<section class=\"elementor-section elementor-top-section elementor-element elementor-element-1500f24 elementor-section-stretched elementor-section-boxed elementor-section-height-default elementor-section-height-default\" data-id=\"1500f24\" data-element_type=\"section\" data-e-type=\"section\" data-settings=\"{&quot;stretch_section&quot;:&quot;section-stretched&quot;,&quot;background_background&quot;:&quot;classic&quot;}\">\n\t\t\t\t\t\t<div class=\"elementor-container elementor-column-gap-wide\">\n\t\t\t\t\t<div class=\"elementor-column elementor-col-100 elementor-top-column elementor-element elementor-element-9b77786\" data-id=\"9b77786\" data-element_type=\"column\" data-e-type=\"column\">\n\t\t\t<div class=\"elementor-widget-wrap elementor-element-populated\">\n\t\t\t\t\t\t<div class=\"elementor-element elementor-element-8bac000 elementor-widget elementor-widget-heading\" data-id=\"8bac000\" data-element_type=\"widget\" data-e-type=\"widget\" data-widget_type=\"heading.default\">\n\t\t\t\t<div class=\"elementor-widget-container\">\n\t\t\t\t\t<h3 class=\"elementor-heading-title elementor-size-default\">\u2728 Chaque Session, une \u00c9tape vers la Magie Techno-Spirituelle \u2728<\/h3>\t\t\t\t<\/div>\n\t\t\t\t<\/div>\n\t\t\t\t<div class=\"elementor-element elementor-element-be90315 elementor-widget elementor-widget-image\" data-id=\"be90315\" data-element_type=\"widget\" data-e-type=\"widget\" data-widget_type=\"image.default\">\n\t\t\t\t<div class=\"elementor-widget-container\">\n\t\t\t\t\t\t\t\t\t\t\t\t\t\t\t<img loading=\"lazy\" decoding=\"async\" width=\"121\" height=\"116\" src=\"https:\/\/magalie.derhille.fr\/wp-content\/uploads\/2023\/11\/logo-oeil.svg\" class=\"attachment-large size-large wp-image-897\" alt=\"logo oeil\" \/>\t\t\t\t\t\t\t\t\t\t\t\t\t\t\t<\/div>\n\t\t\t\t<\/div>\n\t\t\t\t<div class=\"elementor-element elementor-element-2216182 elementor-widget elementor-widget-text-editor\" data-id=\"2216182\" data-element_type=\"widget\" data-e-type=\"widget\" data-widget_type=\"text-editor.default\">\n\t\t\t\t<div class=\"elementor-widget-container\">\n\t\t\t\t\t\t\t\t\t<p>Mon approche personnalis\u00e9e, influenc\u00e9e par le Human Design, s&rsquo;adapte \u00e0 ton \u00e9nergie unique.<\/p><p>Alors, pr\u00eat.e \u00e0 commencer cette aventure o\u00f9 la technologie et la spiritualit\u00e9 dansent en harmonie ?<\/p><p>Contacte-moi d\u00e8s maintenant pour explorer comment je peux t&rsquo;aider \u00e0 faire briller ta voie ! \ud83d\ude80\ud83d\udd25<\/p>\t\t\t\t\t\t\t\t<\/div>\n\t\t\t\t<\/div>\n\t\t\t\t\t<\/div>\n\t\t<\/div>\n\t\t\t\t\t<\/div>\n\t\t<\/section>\n\t\t\t\t<\/div>\n\t\t","protected":false},"excerpt":{"rendered":"<p>Diagnostic d\u2019Automatisation (appel d\u00e9couverte) Pr\u00eat.e \u00e0 explorer comment je peux t&rsquo;aider \u00e0 optimiser ton univers en ligne gr\u00e2ce \u00e0 la magie technico-spirituelle ? Mon appel d\u00e9couverte d&rsquo;automatisation est une occasion pour toi de me d\u00e9crire tes d\u00e9fis et aspirations, afin que nous puissions voir ensemble comment allumer les \u00e9tincelles du succ\u00e8s ! \u2728 Lors de [&hellip;]<\/p>\n","protected":false},"author":1,"featured_media":0,"parent":0,"menu_order":0,"comment_status":"closed","ping_status":"closed","template":"elementor_header_footer","meta":{"_acf_changed":false,"_seopress_robots_primary_cat":"","_seopress_titles_title":"","_seopress_titles_desc":"","_seopress_robots_index":"","footnotes":""},"class_list":["post-705","page","type-page","status-publish","hentry"],"acf":[],"_links":{"self":[{"href":"https:\/\/magalie.derhille.fr\/fr\/wp-json\/wp\/v2\/pages\/705","targetHints":{"allow":["GET"]}}],"collection":[{"href":"https:\/\/magalie.derhille.fr\/fr\/wp-json\/wp\/v2\/pages"}],"about":[{"href":"https:\/\/magalie.derhille.fr\/fr\/wp-json\/wp\/v2\/types\/page"}],"author":[{"embeddable":true,"href":"https:\/\/magalie.derhille.fr\/fr\/wp-json\/wp\/v2\/users\/1"}],"replies":[{"embeddable":true,"href":"https:\/\/magalie.derhille.fr\/fr\/wp-json\/wp\/v2\/comments?post=705"}],"version-history":[{"count":19,"href":"https:\/\/magalie.derhille.fr\/fr\/wp-json\/wp\/v2\/pages\/705\/revisions"}],"predecessor-version":[{"id":1991,"href":"https:\/\/magalie.derhille.fr\/fr\/wp-json\/wp\/v2\/pages\/705\/revisions\/1991"}],"wp:attachment":[{"href":"https:\/\/magalie.derhille.fr\/fr\/wp-json\/wp\/v2\/media?parent=705"}],"curies":[{"name":"wp","href":"https:\/\/api.w.org\/{rel}","templated":true}]}}