{"id":995,"date":"2023-11-28T20:17:53","date_gmt":"2023-11-28T20:17:53","guid":{"rendered":"http:\/\/dev.derhille.fr\/?page_id=995"},"modified":"2023-11-28T20:17:53","modified_gmt":"2023-11-28T20:17:53","slug":"etudes-de-cas","status":"publish","type":"page","link":"https:\/\/magalie.derhille.fr\/fr\/etudes-de-cas","title":{"rendered":"Etudes de cas"},"content":{"rendered":"\t\t<div data-elementor-type=\"wp-page\" data-elementor-id=\"995\" class=\"elementor elementor-995\" data-elementor-post-type=\"page\">\n\t\t\t\t\t\t<section class=\"elementor-section elementor-top-section elementor-element elementor-element-2e7c942 elementor-section-stretched elementor-section-boxed elementor-section-height-default elementor-section-height-default\" data-id=\"2e7c942\" data-element_type=\"section\" data-e-type=\"section\" data-settings=\"{&quot;background_background&quot;:&quot;classic&quot;,&quot;stretch_section&quot;:&quot;section-stretched&quot;}\">\n\t\t\t\t\t\t<div class=\"elementor-container elementor-column-gap-wide\">\n\t\t\t\t\t<div class=\"elementor-column elementor-col-50 elementor-top-column elementor-element elementor-element-091439d\" data-id=\"091439d\" data-element_type=\"column\" data-e-type=\"column\">\n\t\t\t<div class=\"elementor-widget-wrap elementor-element-populated\">\n\t\t\t\t\t\t<div class=\"elementor-element elementor-element-f76367a elementor-invisible elementor-widget elementor-widget-heading\" data-id=\"f76367a\" data-element_type=\"widget\" data-e-type=\"widget\" data-settings=\"{&quot;_animation&quot;:&quot;fadeIn&quot;}\" data-widget_type=\"heading.default\">\n\t\t\t\t<div class=\"elementor-widget-container\">\n\t\t\t\t\t<h1 class=\"elementor-heading-title elementor-size-default\">Etudes de cas<\/h1>\t\t\t\t<\/div>\n\t\t\t\t<\/div>\n\t\t\t\t\t<\/div>\n\t\t<\/div>\n\t\t\t\t<div class=\"elementor-column elementor-col-50 elementor-top-column elementor-element elementor-element-86cb30f\" data-id=\"86cb30f\" data-element_type=\"column\" data-e-type=\"column\">\n\t\t\t<div class=\"elementor-widget-wrap elementor-element-populated\">\n\t\t\t\t\t\t<div class=\"elementor-element elementor-element-01c228e elementor-widget__width-inherit elementor-widget-tablet__width-inherit elementor-invisible elementor-widget elementor-widget-image\" data-id=\"01c228e\" data-element_type=\"widget\" data-e-type=\"widget\" data-settings=\"{&quot;_animation&quot;:&quot;fadeIn&quot;}\" data-widget_type=\"image.default\">\n\t\t\t\t<div class=\"elementor-widget-container\">\n\t\t\t\t\t\t\t\t\t\t\t\t\t\t\t<img decoding=\"async\" width=\"145\" height=\"112\" src=\"https:\/\/magalie.derhille.fr\/wp-content\/uploads\/2023\/11\/motif.svg\" class=\"attachment-large size-large wp-image-736\" alt=\"motif\" \/>\t\t\t\t\t\t\t\t\t\t\t\t\t\t\t<\/div>\n\t\t\t\t<\/div>\n\t\t\t\t<div class=\"elementor-element elementor-element-0b0bad1 elementor-invisible elementor-widget elementor-widget-text-editor\" data-id=\"0b0bad1\" data-element_type=\"widget\" data-e-type=\"widget\" data-settings=\"{&quot;_animation&quot;:&quot;fadeIn&quot;}\" data-widget_type=\"text-editor.default\">\n\t\t\t\t<div class=\"elementor-widget-container\">\n\t\t\t\t\t\t\t\t\t<p>Plus que de longs discours, rien ne vaut des exemples \u2026<\/p>\t\t\t\t\t\t\t\t<\/div>\n\t\t\t\t<\/div>\n\t\t\t\t\t<\/div>\n\t\t<\/div>\n\t\t\t\t\t<\/div>\n\t\t<\/section>\n\t\t\t\t<section class=\"elementor-section elementor-top-section elementor-element elementor-element-435b55c elementor-section-stretched elementor-section-boxed elementor-section-height-default elementor-section-height-default\" data-id=\"435b55c\" data-element_type=\"section\" data-e-type=\"section\" data-settings=\"{&quot;stretch_section&quot;:&quot;section-stretched&quot;}\">\n\t\t\t\t\t\t<div class=\"elementor-container elementor-column-gap-default\">\n\t\t\t\t\t<div class=\"elementor-column elementor-col-100 elementor-top-column elementor-element elementor-element-0f1b11c\" data-id=\"0f1b11c\" data-element_type=\"column\" data-e-type=\"column\">\n\t\t\t<div class=\"elementor-widget-wrap elementor-element-populated\">\n\t\t\t\t\t\t<div class=\"elementor-element elementor-element-5c1c522 raven-advaned-posts-equal-height-yes raven-button-align-justify elementor-widget elementor-widget-raven-advanced-posts\" data-id=\"5c1c522\" data-element_type=\"widget\" data-e-type=\"widget\" data-settings=\"{&quot;columns&quot;:&quot;2&quot;,&quot;load_effect&quot;:&quot;fade-in&quot;,&quot;query_posts_per_page&quot;:12,&quot;general_layout&quot;:&quot;grid&quot;,&quot;columns_tablet&quot;:&quot;2&quot;,&quot;columns_mobile&quot;:&quot;1&quot;,&quot;pagination_type&quot;:&quot;page_based&quot;,&quot;query_orderby&quot;:&quot;date&quot;,&quot;query_offset&quot;:0}\" data-widget_type=\"raven-advanced-posts.default\">\n\t\t\t\t<div class=\"elementor-widget-container\">\n\t\t\t\t\t\t\t<div class=\"raven-posts raven-posts-grid\">\n\t\t\t\t\t\t<div class=\"advanced-posts-content content-layout-under-image raven-grid raven-grid-2 raven-grid-mobile-1 raven-grid-tablet-2  \" data-post-id=\"995\" data-archive-query=\"\">\n\t\t\t\t<div class=\"raven-posts-item raven-grid-item  \"><div class=\"raven-post-wrapper raven-posts-load-effect raven-post-effect-fade-in\"><div class=\"raven-post  \"><div class=\"raven-post-image-wrap\"><a class=\"raven-post-image raven-image-fit\" href=\"https:\/\/magalie.derhille.fr\/fr\/portfolio\/etude-de-cas-maitrise-tes-canaux-de-vente-comme-une-pro-avec-les-dashboards-de-pauline\"> <img fetchpriority=\"high\" decoding=\"async\" width=\"1024\" height=\"576\" src=\"https:\/\/magalie.derhille.fr\/wp-content\/uploads\/2024\/09\/pauline-miniature-etude-de-cas-vimeo-1024x576.png\" class=\"attachment-large size-large wp-image-2423\" alt=\"pauline miniature etude de cas vime\u0301o\" srcset=\"https:\/\/magalie.derhille.fr\/wp-content\/uploads\/2024\/09\/pauline-miniature-etude-de-cas-vimeo-1024x576.png 1024w, https:\/\/magalie.derhille.fr\/wp-content\/uploads\/2024\/09\/pauline-miniature-etude-de-cas-vimeo-300x169.png 300w, https:\/\/magalie.derhille.fr\/wp-content\/uploads\/2024\/09\/pauline-miniature-etude-de-cas-vimeo-768x432.png 768w, https:\/\/magalie.derhille.fr\/wp-content\/uploads\/2024\/09\/pauline-miniature-etude-de-cas-vimeo-1536x864.png 1536w, https:\/\/magalie.derhille.fr\/wp-content\/uploads\/2024\/09\/pauline-miniature-etude-de-cas-vimeo.png 1920w\" sizes=\"(max-width: 1024px) 100vw, 1024px\" \/><span class=\"raven-post-image-overlay\"><\/span><\/a><\/div><div class=\"raven-post-content-container\"><div class=\"raven-post-content\" data-id=\"2402\"><h3 class=\"raven-post-title\"><a class=\"raven-post-title-link\" href=\"https:\/\/magalie.derhille.fr\/fr\/portfolio\/etude-de-cas-maitrise-tes-canaux-de-vente-comme-une-pro-avec-les-dashboards-de-pauline\">Ma\u00eetrise tes canaux de vente comme une pro avec les dashboards de Pauline !<\/a><\/h3><div class=\"raven-post-excerpt\">Dans cette \u00e9tude de cas, nous faisons un bilan de mission avec Pauline, entrepreneuse passionn\u00e9e par le Zentangle et le Neurographika et autrice<\/div><div class=\"raven-post-read-more\"><a class=\"raven-post-button\" href=\"https:\/\/magalie.derhille.fr\/fr\/portfolio\/etude-de-cas-maitrise-tes-canaux-de-vente-comme-une-pro-avec-les-dashboards-de-pauline\"><span class=\"raven-post-button-text\">Lire l&#039;\u00e9tude de cas<\/span><\/a><\/div><\/div><\/div><\/div><\/div><\/div><div class=\"raven-posts-item raven-grid-item  \"><div class=\"raven-post-wrapper raven-posts-load-effect raven-post-effect-fade-in\"><div class=\"raven-post  \"><div class=\"raven-post-image-wrap\"><a class=\"raven-post-image raven-image-fit\" href=\"https:\/\/magalie.derhille.fr\/fr\/portfolio\/de-lhypnotherapeute-au-geek-lincroyable-defi-de-benjamin\"> <img decoding=\"async\" width=\"1024\" height=\"576\" src=\"https:\/\/magalie.derhille.fr\/wp-content\/uploads\/2024\/07\/etude-de-cas-benjamin_thumbnail-1024x576.png\" class=\"attachment-large size-large wp-image-2241\" alt=\"etude de cas benjamin thumbnail\" srcset=\"https:\/\/magalie.derhille.fr\/wp-content\/uploads\/2024\/07\/etude-de-cas-benjamin_thumbnail-1024x576.png 1024w, https:\/\/magalie.derhille.fr\/wp-content\/uploads\/2024\/07\/etude-de-cas-benjamin_thumbnail-300x169.png 300w, https:\/\/magalie.derhille.fr\/wp-content\/uploads\/2024\/07\/etude-de-cas-benjamin_thumbnail-768x432.png 768w, https:\/\/magalie.derhille.fr\/wp-content\/uploads\/2024\/07\/etude-de-cas-benjamin_thumbnail-1536x864.png 1536w, https:\/\/magalie.derhille.fr\/wp-content\/uploads\/2024\/07\/etude-de-cas-benjamin_thumbnail.png 1920w\" sizes=\"(max-width: 1024px) 100vw, 1024px\" \/><span class=\"raven-post-image-overlay\"><\/span><\/a><\/div><div class=\"raven-post-content-container\"><div class=\"raven-post-content\" data-id=\"2209\"><h3 class=\"raven-post-title\"><a class=\"raven-post-title-link\" href=\"https:\/\/magalie.derhille.fr\/fr\/portfolio\/de-lhypnotherapeute-au-geek-lincroyable-defi-de-benjamin\">De L&rsquo;hypnoth\u00e9rapeute au Geek : L&rsquo;Incroyable D\u00e9fi de Benjamin<\/a><\/h3><div class=\"raven-post-excerpt\">Benjamin Neyrial : sa fiche identit\u00e9 Domaine d&rsquo;Activit\u00e9 : Hypnoth\u00e9rapeute, form\u00e9 \u00e0 l&rsquo;EFT, il les hyper-sensibles aux talents cach\u00e9s \u00e0 se lib\u00e9rer du<\/div><div class=\"raven-post-read-more\"><a class=\"raven-post-button\" href=\"https:\/\/magalie.derhille.fr\/fr\/portfolio\/de-lhypnotherapeute-au-geek-lincroyable-defi-de-benjamin\"><span class=\"raven-post-button-text\">Lire l&#039;\u00e9tude de cas<\/span><\/a><\/div><\/div><\/div><\/div><\/div><\/div><div class=\"raven-posts-item raven-grid-item  \"><div class=\"raven-post-wrapper raven-posts-load-effect raven-post-effect-fade-in\"><div class=\"raven-post  \"><div class=\"raven-post-image-wrap\"><a class=\"raven-post-image raven-image-fit\" href=\"https:\/\/magalie.derhille.fr\/fr\/portfolio\/etude-de-cas-sobirdco\"> <img loading=\"lazy\" decoding=\"async\" width=\"1024\" height=\"576\" src=\"https:\/\/magalie.derhille.fr\/wp-content\/uploads\/2024\/03\/tn-sophie-sobirdco-etude-de-cas-1024x576.png\" class=\"attachment-large size-large wp-image-2149\" alt=\"tn sophie sobird&amp;co etude de cas\" srcset=\"https:\/\/magalie.derhille.fr\/wp-content\/uploads\/2024\/03\/tn-sophie-sobirdco-etude-de-cas-1024x576.png 1024w, https:\/\/magalie.derhille.fr\/wp-content\/uploads\/2024\/03\/tn-sophie-sobirdco-etude-de-cas-300x169.png 300w, https:\/\/magalie.derhille.fr\/wp-content\/uploads\/2024\/03\/tn-sophie-sobirdco-etude-de-cas-768x432.png 768w, https:\/\/magalie.derhille.fr\/wp-content\/uploads\/2024\/03\/tn-sophie-sobirdco-etude-de-cas-1536x864.png 1536w, https:\/\/magalie.derhille.fr\/wp-content\/uploads\/2024\/03\/tn-sophie-sobirdco-etude-de-cas.png 1920w\" sizes=\"(max-width: 1024px) 100vw, 1024px\" \/><span class=\"raven-post-image-overlay\"><\/span><\/a><\/div><div class=\"raven-post-content-container\"><div class=\"raven-post-content\" data-id=\"2137\"><h3 class=\"raven-post-title\"><a class=\"raven-post-title-link\" href=\"https:\/\/magalie.derhille.fr\/fr\/portfolio\/etude-de-cas-sobirdco\">D\u00e9couverte de Sophie et l&rsquo;automatisation de ses listes e-mail<\/a><\/h3><div class=\"raven-post-excerpt\">D\u00e9couvre l&rsquo;aventure entrepreneuriale de Sophie, la fondatrice de SoBird, \u00e0 travers une discussion passionante et enrichissante !\u00a0 Dans cette vid\u00e9o, Sophie se livre<\/div><div class=\"raven-post-read-more\"><a class=\"raven-post-button\" href=\"https:\/\/magalie.derhille.fr\/fr\/portfolio\/etude-de-cas-sobirdco\"><span class=\"raven-post-button-text\">Lire l&#039;\u00e9tude de cas<\/span><\/a><\/div><\/div><\/div><\/div><\/div><\/div><div class=\"raven-posts-item raven-grid-item  \"><div class=\"raven-post-wrapper raven-posts-load-effect raven-post-effect-fade-in\"><div class=\"raven-post  \"><div class=\"raven-post-image-wrap\"><a class=\"raven-post-image raven-image-fit\" href=\"https:\/\/magalie.derhille.fr\/fr\/portfolio\/comptabilite_automatisee_deboekhoudhoek\"> <img loading=\"lazy\" decoding=\"async\" width=\"1024\" height=\"576\" src=\"https:\/\/magalie.derhille.fr\/wp-content\/uploads\/2024\/01\/itw0002-minitaure-1024x576.png\" class=\"attachment-large size-large wp-image-1973\" alt=\"itw0002 minitaure\" srcset=\"https:\/\/magalie.derhille.fr\/wp-content\/uploads\/2024\/01\/itw0002-minitaure-1024x576.png 1024w, https:\/\/magalie.derhille.fr\/wp-content\/uploads\/2024\/01\/itw0002-minitaure-300x169.png 300w, https:\/\/magalie.derhille.fr\/wp-content\/uploads\/2024\/01\/itw0002-minitaure-768x432.png 768w, https:\/\/magalie.derhille.fr\/wp-content\/uploads\/2024\/01\/itw0002-minitaure-1536x864.png 1536w, https:\/\/magalie.derhille.fr\/wp-content\/uploads\/2024\/01\/itw0002-minitaure.png 1920w\" sizes=\"(max-width: 1024px) 100vw, 1024px\" \/><span class=\"raven-post-image-overlay\"><\/span><\/a><\/div><div class=\"raven-post-content-container\"><div class=\"raven-post-content\" data-id=\"1957\"><h3 class=\"raven-post-title\"><a class=\"raven-post-title-link\" href=\"https:\/\/magalie.derhille.fr\/fr\/portfolio\/comptabilite_automatisee_deboekhoudhoek\">Rencontre avec Guillaume, l&rsquo;as de la Comptabilit\u00e9 Automatis\u00e9e !<\/a><\/h3><div class=\"raven-post-excerpt\">Aujourd&rsquo;hui, on plonge dans l&rsquo;univers de Guillaume de van den Hoek, Boutique de Comptabilit\u00e9, \u00e0 Amsterdam. Guillaume va te d\u00e9voiler comment il a<\/div><div class=\"raven-post-read-more\"><a class=\"raven-post-button\" href=\"https:\/\/magalie.derhille.fr\/fr\/portfolio\/comptabilite_automatisee_deboekhoudhoek\"><span class=\"raven-post-button-text\">Lire l&#039;\u00e9tude de cas<\/span><\/a><\/div><\/div><\/div><\/div><\/div><\/div><div class=\"raven-posts-item raven-grid-item  \"><div class=\"raven-post-wrapper raven-posts-load-effect raven-post-effect-fade-in\"><div class=\"raven-post  \"><div class=\"raven-post-image-wrap\"><a class=\"raven-post-image raven-image-fit\" href=\"https:\/\/magalie.derhille.fr\/fr\/portfolio\/revelation-de-linvisible\"> <img loading=\"lazy\" decoding=\"async\" width=\"1024\" height=\"576\" src=\"https:\/\/magalie.derhille.fr\/wp-content\/uploads\/2023\/11\/audrey-ma-cohrence-intro-etude-de-cas-1024x576.png\" class=\"attachment-large size-large wp-image-2133\" alt=\"audrey ma cohre\u0301nce intro etude de cas\" srcset=\"https:\/\/magalie.derhille.fr\/wp-content\/uploads\/2023\/11\/audrey-ma-cohrence-intro-etude-de-cas-1024x576.png 1024w, https:\/\/magalie.derhille.fr\/wp-content\/uploads\/2023\/11\/audrey-ma-cohrence-intro-etude-de-cas-300x169.png 300w, https:\/\/magalie.derhille.fr\/wp-content\/uploads\/2023\/11\/audrey-ma-cohrence-intro-etude-de-cas-768x432.png 768w, https:\/\/magalie.derhille.fr\/wp-content\/uploads\/2023\/11\/audrey-ma-cohrence-intro-etude-de-cas-1536x864.png 1536w, https:\/\/magalie.derhille.fr\/wp-content\/uploads\/2023\/11\/audrey-ma-cohrence-intro-etude-de-cas.png 1920w\" sizes=\"(max-width: 1024px) 100vw, 1024px\" \/><span class=\"raven-post-image-overlay\"><\/span><\/a><\/div><div class=\"raven-post-content-container\"><div class=\"raven-post-content\" data-id=\"1071\"><h3 class=\"raven-post-title\"><a class=\"raven-post-title-link\" href=\"https:\/\/magalie.derhille.fr\/fr\/portfolio\/revelation-de-linvisible\">Audrey &#8211; Des Smart Dashboards pour r\u00e9volutionner le pilotage de son activit\u00e9<\/a><\/h3><div class=\"raven-post-excerpt\">D\u00e9couvre comment Audrey, coach de vie en ligne, a r\u00e9volutionn\u00e9 son business gr\u00e2ce aux dashboards personnalis\u00e9s ! \ud83d\ude80 Dans cette interview, Audrey nous<\/div><div class=\"raven-post-read-more\"><a class=\"raven-post-button\" href=\"https:\/\/magalie.derhille.fr\/fr\/portfolio\/revelation-de-linvisible\"><span class=\"raven-post-button-text\">Lire l&#039;\u00e9tude de cas<\/span><\/a><\/div><\/div><\/div><\/div><\/div><\/div><div class=\"raven-posts-item raven-grid-item  \"><div class=\"raven-post-wrapper raven-posts-load-effect raven-post-effect-fade-in\"><div class=\"raven-post  \"><div class=\"raven-post-image-wrap\"><a class=\"raven-post-image raven-image-fit\" href=\"https:\/\/magalie.derhille.fr\/fr\/portfolio\/automatisation-de-webinaires\"> <img loading=\"lazy\" decoding=\"async\" width=\"607\" height=\"265\" src=\"https:\/\/magalie.derhille.fr\/wp-content\/uploads\/2023\/11\/alb_2162-edit.png\" class=\"attachment-large size-large wp-image-1061\" alt=\"alb 2162 edit\" srcset=\"https:\/\/magalie.derhille.fr\/wp-content\/uploads\/2023\/11\/alb_2162-edit.png 607w, https:\/\/magalie.derhille.fr\/wp-content\/uploads\/2023\/11\/alb_2162-edit-300x131.png 300w\" sizes=\"(max-width: 607px) 100vw, 607px\" \/><span class=\"raven-post-image-overlay\"><\/span><\/a><\/div><div class=\"raven-post-content-container\"><div class=\"raven-post-content\" data-id=\"1007\"><h3 class=\"raven-post-title\"><a class=\"raven-post-title-link\" href=\"https:\/\/magalie.derhille.fr\/fr\/portfolio\/automatisation-de-webinaires\">Automatisation de webinaires<\/a><\/h3><div class=\"raven-post-excerpt\">Lorsque Marion a pris contact avec moi, elle avait besoin de gagner en simplicit\u00e9 sur la gestion de des w\u00e9binaires qu\u2019elle allait animer<\/div><div class=\"raven-post-read-more\"><a class=\"raven-post-button\" href=\"https:\/\/magalie.derhille.fr\/fr\/portfolio\/automatisation-de-webinaires\"><span class=\"raven-post-button-text\">Lire l&#039;\u00e9tude de cas<\/span><\/a><\/div><\/div><\/div><\/div><\/div><\/div>\t\t\t<\/div>\n\t\t\t\t\t<\/div>\n\t\t\t\t\t\t<\/div>\n\t\t\t\t<\/div>\n\t\t\t\t\t<\/div>\n\t\t<\/div>\n\t\t\t\t\t<\/div>\n\t\t<\/section>\n\t\t\t\t<\/div>\n\t\t","protected":false},"excerpt":{"rendered":"<p>Etudes de cas Plus que de longs discours, rien ne vaut des exemples \u2026 R\u00e9v\u00e9lation de l&rsquo;invisible (texte) https:\/\/vimeo.com\/849671266\/d1ae7aeaac Audrey B : sa fiche identit\u00e9 Domaine d&rsquo;Activit\u00e9\u00a0: Pratiquante &amp; Instructrice de la Tradition Tao\u00efste Da Xuan Boisson chaude pr\u00e9f\u00e9r\u00e9e\u00a0: leLire l&#039;\u00e9tude de cas Automatisation de webinaires Lorsque Marion a pris contact avec moi, elle avait [&hellip;]<\/p>\n","protected":false},"author":1,"featured_media":0,"parent":0,"menu_order":0,"comment_status":"closed","ping_status":"closed","template":"","meta":{"_acf_changed":false,"_seopress_robots_primary_cat":"","_seopress_titles_title":"","_seopress_titles_desc":"","_seopress_robots_index":"","footnotes":""},"class_list":["post-995","page","type-page","status-publish","hentry"],"acf":[],"_links":{"self":[{"href":"https:\/\/magalie.derhille.fr\/fr\/wp-json\/wp\/v2\/pages\/995","targetHints":{"allow":["GET"]}}],"collection":[{"href":"https:\/\/magalie.derhille.fr\/fr\/wp-json\/wp\/v2\/pages"}],"about":[{"href":"https:\/\/magalie.derhille.fr\/fr\/wp-json\/wp\/v2\/types\/page"}],"author":[{"embeddable":true,"href":"https:\/\/magalie.derhille.fr\/fr\/wp-json\/wp\/v2\/users\/1"}],"replies":[{"embeddable":true,"href":"https:\/\/magalie.derhille.fr\/fr\/wp-json\/wp\/v2\/comments?post=995"}],"version-history":[{"count":11,"href":"https:\/\/magalie.derhille.fr\/fr\/wp-json\/wp\/v2\/pages\/995\/revisions"}],"predecessor-version":[{"id":1092,"href":"https:\/\/magalie.derhille.fr\/fr\/wp-json\/wp\/v2\/pages\/995\/revisions\/1092"}],"wp:attachment":[{"href":"https:\/\/magalie.derhille.fr\/fr\/wp-json\/wp\/v2\/media?parent=995"}],"curies":[{"name":"wp","href":"https:\/\/api.w.org\/{rel}","templated":true}]}}